{"id":101,"date":"2015-06-30T16:14:37","date_gmt":"2015-06-30T14:14:37","guid":{"rendered":"http:\/\/silap.testonline.biz\/?page_id=101"},"modified":"2016-09-14T17:50:42","modified_gmt":"2016-09-14T15:50:42","slug":"assembly","status":"publish","type":"page","link":"https:\/\/www.silap.com\/de\/silap\/services\/assembly\/","title":{"rendered":"Montage"},"content":{"rendered":"<p><strong>DER MEHRWERT DER HANDARBEIT<\/strong><\/p>\n<p>Neben den technischen Anlagen, die zur Verf\u00fcgung stehen, kann Silap auf qualifizierte Arbeitskr\u00e4fte z\u00e4hlen, um auch komplexe manuelle Montagen ausf\u00fchren zu k\u00f6nnen. Auch bei Gro\u00dfserienfertigung ist es m\u00f6glich, spezielle Mikroinseln einzurichten, die dazu gewidmet sind, die Kundenbed\u00fcrfnisse bestens zufrieden zu stellen.<\/p>\n<p>Um die rein manuellen T\u00e4tigkeiten zu komplettieren, ist Silap auch in der Lage Inserts in verschiedenen Materialien einzuf\u00fcgen, durch die Verwendung von pneumatischen oder hydraulischen halbautomatischen Pressen.<\/p>","protected":false},"excerpt":{"rendered":"<p>DER MEHRWERT DER HANDARBEIT Neben den technischen Anlagen, die zur Verf\u00fcgung stehen, kann Silap auf qualifizierte Arbeitskr\u00e4fte z\u00e4hlen, um auch [&hellip;]<\/p>\n","protected":false},"author":1,"featured_media":697,"parent":79,"menu_order":0,"comment_status":"open","ping_status":"open","template":"tpl-servizio.php","meta":{"_acf_changed":false,"ngg_post_thumbnail":0,"footnotes":""},"class_list":["post-101","page","type-page","status-publish","has-post-thumbnail","hentry"],"acf":[],"aioseo_notices":[],"_links":{"self":[{"href":"https:\/\/www.silap.com\/de\/wp-json\/wp\/v2\/pages\/101","targetHints":{"allow":["GET"]}}],"collection":[{"href":"https:\/\/www.silap.com\/de\/wp-json\/wp\/v2\/pages"}],"about":[{"href":"https:\/\/www.silap.com\/de\/wp-json\/wp\/v2\/types\/page"}],"author":[{"embeddable":true,"href":"https:\/\/www.silap.com\/de\/wp-json\/wp\/v2\/users\/1"}],"replies":[{"embeddable":true,"href":"https:\/\/www.silap.com\/de\/wp-json\/wp\/v2\/comments?post=101"}],"version-history":[{"count":5,"href":"https:\/\/www.silap.com\/de\/wp-json\/wp\/v2\/pages\/101\/revisions"}],"predecessor-version":[{"id":1656,"href":"https:\/\/www.silap.com\/de\/wp-json\/wp\/v2\/pages\/101\/revisions\/1656"}],"up":[{"embeddable":true,"href":"https:\/\/www.silap.com\/de\/wp-json\/wp\/v2\/pages\/79"}],"wp:featuredmedia":[{"embeddable":true,"href":"https:\/\/www.silap.com\/de\/wp-json\/wp\/v2\/media\/697"}],"wp:attachment":[{"href":"https:\/\/www.silap.com\/de\/wp-json\/wp\/v2\/media?parent=101"}],"curies":[{"name":"wp","href":"https:\/\/api.w.org\/{rel}","templated":true}]}}