{"id":1011,"date":"2015-10-27T15:14:26","date_gmt":"2015-10-27T14:14:26","guid":{"rendered":"http:\/\/www.silap.com\/?page_id=1011"},"modified":"2020-06-29T11:37:30","modified_gmt":"2020-06-29T09:37:30","slug":"lampade-uv","status":"publish","type":"page","link":"https:\/\/www.silap.com\/de\/spm\/services\/lampade-uv\/","title":{"rendered":"UV Lampen"},"content":{"rendered":"<p>Die ultravioletten Lampen, di von Silap zur verf\u00fcgung gestellt werden, bestehen aus einem Quarzrohr, das an beiden Enden abgedichtet ist und in dessen Inneren eine geringe Menge von Quecksilber und Inertgas enthalten sind.<\/p>\n<p>Unsere UV-Lampen sind aus Quarzglas mit Wellenl\u00e4ngen von 185 bis 400 nm.<br \/>\nDank seiner hohen Stabilit\u00e4tseigenschaften, sowohl thermisch als auch mechanisch, hat das Quarzrohr, das als Geh\u00e4use f\u00fcr die Herstellung von UV-Lampen verwendet wird, eine hohe Durchl\u00e4ssigkeit f\u00fcr UV-Strahlung.<\/p>\n<p>Bei der Herstellung der UV-Lampen werden unterschiedliche Qualit\u00e4ten von Quarzrohren entsprechend der Art der UV-Lampe verwendet:<\/p>\n<ul>\n<li>Naturquarz<\/li>\n<li>Synthetischer Quarz<\/li>\n<li>Ozon freier Quarz<\/li>\n<\/ul>\n<p><img loading=\"lazy\" decoding=\"async\" class=\"center-block img-responsive alignnone wp-image-1088 size-large\" src=\"http:\/\/www.silap.com\/wp-content\/uploads\/2015\/10\/1_who_wm-1024x739.jpg\" alt=\"1_who_wm\" width=\"1024\" height=\"739\" srcset=\"https:\/\/www.silap.com\/wp-content\/uploads\/2015\/10\/1_who_wm-1024x739.jpg 1024w, https:\/\/www.silap.com\/wp-content\/uploads\/2015\/10\/1_who_wm-300x217.jpg 300w\" sizes=\"auto, (max-width: 1024px) 100vw, 1024px\" \/><\/p>\n<h3>LOW PRESSURE UV-C LAMPS FOR ROOMS AND SURFACES SANITIZING&nbsp;<\/h3>\n<p>The low pressure UV lamps are appreciated mainly for sanitizing applications using UV-C rays. The antibacterial efficacy of this kind of lamps can be combined with ozone emission (depending of chosen model) to obtain the maximum level of disinfection.<\/p>\n<p><img loading=\"lazy\" decoding=\"async\" class=\"img-responsive aligncenter wp-image-2635 size-full\" src=\"https:\/\/www.silap.com\/wp-content\/uploads\/2020\/06\/lampada_uvc_doppia_guaina.jpg\" alt=\"\" width=\"2471\" height=\"1248\" srcset=\"https:\/\/www.silap.com\/wp-content\/uploads\/2020\/06\/lampada_uvc_doppia_guaina.jpg 2471w, https:\/\/www.silap.com\/wp-content\/uploads\/2020\/06\/lampada_uvc_doppia_guaina-300x152.jpg 300w, https:\/\/www.silap.com\/wp-content\/uploads\/2020\/06\/lampada_uvc_doppia_guaina-1024x517.jpg 1024w, https:\/\/www.silap.com\/wp-content\/uploads\/2020\/06\/lampada_uvc_doppia_guaina-768x388.jpg 768w, https:\/\/www.silap.com\/wp-content\/uploads\/2020\/06\/lampada_uvc_doppia_guaina-1536x776.jpg 1536w, https:\/\/www.silap.com\/wp-content\/uploads\/2020\/06\/lampada_uvc_doppia_guaina-2048x1034.jpg 2048w\" sizes=\"auto, (max-width: 2471px) 100vw, 2471px\" \/><\/p>\n<p>This type of lamp is used in many applications where it is important to ensure effective sanitation of surfaces and air, in order to increase the safety and health of people who come into contact with it.<\/p>\n<p>Some application contexts:<\/p>\n<ul>\n<li>Restaurants<\/li>\n<li>Offices<\/li>\n<li>Public transport<\/li>\n<li>Hotel<\/li>\n<li>Supermarket<\/li>\n<li>Furniture and cupboards<\/li>\n<li>Beauty salons<\/li>\n<li>Laboratories<\/li>\n<\/ul>\n<p>In addition to being able to be used for the construction of custom sanitization systems, these lamps are used in the new range of <strong>iJen<\/strong> sanitisers developed and produced by Silap. For more information visit the dedicated page &#8222;<a href=\"https:\/\/www.silap.com\/spm\/services\/sistemi-di-sanificazione-con-lampade-uv-c\/\"><strong>Sanitization systems with UV-C lamps<\/strong><\/a>&#8222;.<\/p>\n<h3>UV-LAMPEN MIT DAMPFDRUCK<\/h3>\n<h4>Lampen&nbsp; mit Quecksilberdampf<\/h4>\n<p>Die UV-Lampen Quecksilberdampf werden haupts\u00e4chlich zur Trocknung \/ Ultraviolettaush\u00e4rtung und f\u00fcr die Desinfektion und UV-Oxidation gesch\u00e4tzt.<\/p>\n<p>Es stehen zwei Typen von UV Lampen mit Quecksilberdampf zur Verf\u00fcgung:<\/p>\n<ul>\n<li>\u201cgesaugte\u201d Lampen (A)<\/li>\n<li>\u201cgedr\u00fcckte\u201d Lampen (B)<\/li>\n<\/ul>\n<p>Im Folgenden die entsprechenden Zeichnungen.<\/p>\n<p><span style=\"text-decoration: underline;\"><strong>A \u2013 \u201cgesaugte\u201d Lampen<\/strong><\/span><\/p>\n<p>Der Versiegelungsvorgang der Lampen erfolgt auf einer Vakuumdrehmaschine, um den Quarz zu erm\u00f6glichen, in geeigneter Weise erw\u00e4rmt, um sich auf sich selbst und Molybd\u00e4n als Beilage zu reduzieren.<\/p>\n<p><img loading=\"lazy\" decoding=\"async\" class=\"centerl-block img-responsive alignnone wp-image-1089 size-large\" src=\"http:\/\/www.silap.com\/wp-content\/uploads\/2015\/10\/2-1024x739.jpg\" alt=\"2\" width=\"1024\" height=\"739\" srcset=\"https:\/\/www.silap.com\/wp-content\/uploads\/2015\/10\/2-1024x739.jpg 1024w, https:\/\/www.silap.com\/wp-content\/uploads\/2015\/10\/2-300x217.jpg 300w\" sizes=\"auto, (max-width: 1024px) 100vw, 1024px\" \/><\/p>\n<p><span style=\"text-decoration: underline;\"><strong>B \u2013 \u201cgedr\u00fcckte\u201d Lampen<\/strong><\/span><\/p>\n<p>Der Versiegelungsprozess erfolgt \u00fcber eine Verschlie\u00dfmaschine; das entsprechend temperierte Quarz wird durch zwei Kolben eingepresst.<\/p>\n<p><img loading=\"lazy\" decoding=\"async\" class=\"center-block img-responsive alignnone wp-image-1090 size-large\" src=\"http:\/\/www.silap.com\/wp-content\/uploads\/2015\/10\/3-1024x739.jpg\" alt=\"3\" width=\"1024\" height=\"739\" srcset=\"https:\/\/www.silap.com\/wp-content\/uploads\/2015\/10\/3-1024x739.jpg 1024w, https:\/\/www.silap.com\/wp-content\/uploads\/2015\/10\/3-300x217.jpg 300w\" sizes=\"auto, (max-width: 1024px) 100vw, 1024px\" \/><\/p>\n<h4>Metalldampflampen<\/h4>\n<p>F\u00fcr spezielle Anwendungen, zus\u00e4tzlich zu den typischen Quecksilberdampflampen, gibt es eine Reihe von UV-Lampen (Metallhalogenid), denen Zusatzstoffe (Halogen-Metalldampf) hinzugef\u00fcgt werden, die das UV-Strahlungsspektrum modifizieren, um eine Optimierung f\u00fcr unterschiedliche Anwendungen zu erhalten.<\/p>\n<h4>Ver\u00e4nderte Lampen Und Ihre Spektren<\/h4>\n<p>Die folgende Tabelle zeigt die Emissionsspektren im Falle von unterschiedlichen Zugaben von Zusatzstoffen:<\/p>\n<div class=\"table-responsive\">\n<table>\n<tbody>\n<tr>\n<td><span style=\"text-decoration: underline;\"><em>UV \u2013 QUECKSILBERDAMPFLAPMPEN<\/em><\/span><\/p>\n<p>Diese UV-Quecksilberdampflampen emittieren das gesamte UV-Spektrum (UVA, UVB und UVC) mit maximalem Emissionspeak bei 366 nm im UVA-Bereich.<\/p>\n<p><img loading=\"lazy\" decoding=\"async\" class=\"alignnone size-medium wp-image-1096\" src=\"http:\/\/www.silap.com\/wp-content\/uploads\/2015\/10\/4_who_wm-300x217.jpg\" alt=\"4_who_wm\" width=\"300\" height=\"217\" srcset=\"https:\/\/www.silap.com\/wp-content\/uploads\/2015\/10\/4_who_wm-300x217.jpg 300w, https:\/\/www.silap.com\/wp-content\/uploads\/2015\/10\/4_who_wm-1024x739.jpg 1024w\" sizes=\"auto, (max-width: 300px) 100vw, 300px\" \/><\/td>\n<td><span style=\"text-decoration: underline;\"><em>UV \u2013 QUECKSILBERDAMPFLAMPEN MIT GALLIUM<\/em><\/span><\/p>\n<p>UV-Quecksilberdampflampen, versetzt mit Gallium, emittiert UV Strahlen bis zum Emissionsmaximum, das im UVA-Bereich bei 420 nm angeordnet ist.<\/p>\n<p><img loading=\"lazy\" decoding=\"async\" class=\"alignnone size-medium wp-image-1091\" src=\"http:\/\/www.silap.com\/wp-content\/uploads\/2015\/10\/5_who_wm-300x217.jpg\" alt=\"5_who_wm\" width=\"300\" height=\"217\" srcset=\"https:\/\/www.silap.com\/wp-content\/uploads\/2015\/10\/5_who_wm-300x217.jpg 300w, https:\/\/www.silap.com\/wp-content\/uploads\/2015\/10\/5_who_wm-1024x739.jpg 1024w\" sizes=\"auto, (max-width: 300px) 100vw, 300px\" \/><\/td>\n<\/tr>\n<tr>\n<td><span style=\"text-decoration: underline;\"><em>QUECKSILBERDAMPFLAMPEN MIT EISEN<\/em><\/span><\/p>\n<p>Die Quecksilberdampflampen, versetzt mit Eisen (Fe), emittieren UV-Strahlung, deren maximaler Emissionspeak im UVA-Bereich bei 366 nm und 440 nm liegt.<\/p>\n<p><img loading=\"lazy\" decoding=\"async\" class=\"alignnone size-medium wp-image-1092\" src=\"http:\/\/www.silap.com\/wp-content\/uploads\/2015\/10\/6_who_wm-300x217.jpg\" alt=\"6_who_wm\" width=\"300\" height=\"217\" srcset=\"https:\/\/www.silap.com\/wp-content\/uploads\/2015\/10\/6_who_wm-300x217.jpg 300w, https:\/\/www.silap.com\/wp-content\/uploads\/2015\/10\/6_who_wm-1024x739.jpg 1024w\" sizes=\"auto, (max-width: 300px) 100vw, 300px\" \/><\/td>\n<td><span style=\"text-decoration: underline;\"><em>QUECKSILBERDAMPFLAMPEN MIT BLEI<\/em><\/span><\/p>\n<p>Die Quecksilberdampflampen, versetzt mit Blei (Pb), emittieren UV-Strahlung, deren maximaler Emissionspeak im UVA-Bereich bei 357 nm und 420 nm liegt.<\/p>\n<p><img loading=\"lazy\" decoding=\"async\" class=\"alignnone size-medium wp-image-1093\" src=\"http:\/\/www.silap.com\/wp-content\/uploads\/2015\/10\/7_who_wm-300x217.jpg\" alt=\"7_who_wm\" width=\"300\" height=\"217\" srcset=\"https:\/\/www.silap.com\/wp-content\/uploads\/2015\/10\/7_who_wm-300x217.jpg 300w, https:\/\/www.silap.com\/wp-content\/uploads\/2015\/10\/7_who_wm-1024x739.jpg 1024w\" sizes=\"auto, (max-width: 300px) 100vw, 300px\" \/><\/td>\n<\/tr>\n<\/tbody>\n<\/table>\n<\/div>\n<p>Alle unsere Lampen sind in verschiedenen Spezifikationen \/ Konfigurationen erh\u00e4ltlich, sowohl mit reinem Quarz, als auch Ozon freiem Quarz.<\/p>\n<h3>TECHNISCHE DATEN<\/h3>\n<p>Die wichtigsten Merkmale der UV-Mitteldrucklampen sind:<\/p>\n<div class=\"table-responsive\">\n<table class=\"table-striped\">\n<tbody>\n<tr>\n<td>Quarzrohr<\/td>\n<td>\n<ul>\n<li>Naturquarz (OF)<\/li>\n<li>Naturquarz (OG)<\/li>\n<li>Synthetisches Quarz (OG)<\/li>\n<li>Au\u00dfendurchmesser der Quarzrohre: von OD 10 mm bis OD 38 mm<\/li>\n<\/ul>\n<\/td>\n<\/tr>\n<tr>\n<td>Bogenl\u00e4nge<\/td>\n<td>von 50 mm bis 2.500 mm<\/td>\n<\/tr>\n<tr>\n<td>Leistungsbereich<\/td>\n<td>von 100 W bis 60 KW<\/td>\n<\/tr>\n<tr>\n<td>K\u00f6rperform der Lampe<\/td>\n<td>\n<ul>\n<li>Linear<\/li>\n<li>U-Form<\/li>\n<li>Spiralform<\/li>\n<li>Andere Formen auf Nachfrage<\/li>\n<\/ul>\n<\/td>\n<\/tr>\n<tr>\n<td>Maximale nominelle Leistungsdichte pro L\u00e4ngeneinheit(bei Prototypen zu \u00fcberpr\u00fcfen)<\/td>\n<td>\n<ul>\n<li>von 60W\/cm bis 300 W\/cm*<\/li>\n<li>von 80 W\/cm bis 120 W\/cm**<\/li>\n<li>von 80 W\/cm bis 250 W\/cm***<\/li>\n<\/ul>\n<\/td>\n<\/tr>\n<tr>\n<td>Lebensdauer (Labor getestet und abh\u00e4ngig von der Lampenleistung \u2013 eine Schaltung pro Tag)<\/td>\n<td>\n<ul>\n<li>von 1000h bis 1500h*<\/li>\n<li>von 1500h bis 5000h**<\/li>\n<li>von 1500h bis 5000h***<\/li>\n<\/ul>\n<\/td>\n<\/tr>\n<tr>\n<td>Oberfl\u00e4chentemperatur (Labor getestet und abh\u00e4ngig von der Lampenleistung )<\/td>\n<td>von 600\u00b0C bis 900\u00b0C<\/td>\n<\/tr>\n<\/tbody>\n<\/table>\n<\/div>\n<p>Wir k\u00f6nnen unseren Kunden UV Gasdrucklampenliefern, die f\u00fcr fast alle UV-Systeme geeignet sind; in den folgenden Zeilen ist eine Liste der Informationen beigef\u00fcgt, die f\u00fcr Ersatzteile ben\u00f6tigt wird:<\/p>\n<ul>\n<li>Elektrische Daten (Power [W], Eingangsspannung [V0 &#8211; VL], Eingangsstrom [A0-Eingang &#8211; AL])<\/li>\n<li>Gesamtlampenl\u00e4nge (komplett mit Keramik-Terminal) (1)<\/li>\n<li>Bogenl\u00e4nge (2)<\/li>\n<li>Quarzrohrdurchmesser (3)<\/li>\n<li>Kabell\u00e4nge (4)<\/li>\n<li>Art des Keramik-Terminal (5)<\/li>\n<li>Art der erforderlichen elektrischen Verbindung (6)<\/li>\n<li>Reflektortyp (7)<\/li>\n<li>Produziert die Lampe Ozon: Ja \/ Nein<\/li>\n<li>Lampencode f\u00fcr Ersatz<\/li>\n<\/ul>\n<p><\/p>","protected":false},"excerpt":{"rendered":"<p>Die ultravioletten Lampen, di von Silap zur verf\u00fcgung gestellt werden, bestehen aus einem Quarzrohr, das an beiden Enden abgedichtet ist [&hellip;]<\/p>\n","protected":false},"author":2,"featured_media":698,"parent":81,"menu_order":4,"comment_status":"closed","ping_status":"closed","template":"tpl-servizio.php","meta":{"_acf_changed":false,"ngg_post_thumbnail":0,"footnotes":""},"class_list":["post-1011","page","type-page","status-publish","has-post-thumbnail","hentry"],"acf":[],"aioseo_notices":[],"_links":{"self":[{"href":"https:\/\/www.silap.com\/de\/wp-json\/wp\/v2\/pages\/1011","targetHints":{"allow":["GET"]}}],"collection":[{"href":"https:\/\/www.silap.com\/de\/wp-json\/wp\/v2\/pages"}],"about":[{"href":"https:\/\/www.silap.com\/de\/wp-json\/wp\/v2\/types\/page"}],"author":[{"embeddable":true,"href":"https:\/\/www.silap.com\/de\/wp-json\/wp\/v2\/users\/2"}],"replies":[{"embeddable":true,"href":"https:\/\/www.silap.com\/de\/wp-json\/wp\/v2\/comments?post=1011"}],"version-history":[{"count":5,"href":"https:\/\/www.silap.com\/de\/wp-json\/wp\/v2\/pages\/1011\/revisions"}],"predecessor-version":[{"id":2637,"href":"https:\/\/www.silap.com\/de\/wp-json\/wp\/v2\/pages\/1011\/revisions\/2637"}],"up":[{"embeddable":true,"href":"https:\/\/www.silap.com\/de\/wp-json\/wp\/v2\/pages\/81"}],"wp:featuredmedia":[{"embeddable":true,"href":"https:\/\/www.silap.com\/de\/wp-json\/wp\/v2\/media\/698"}],"wp:attachment":[{"href":"https:\/\/www.silap.com\/de\/wp-json\/wp\/v2\/media?parent=1011"}],"curies":[{"name":"wp","href":"https:\/\/api.w.org\/{rel}","templated":true}]}}