{"id":104,"date":"2015-06-30T16:16:34","date_gmt":"2015-06-30T14:16:34","guid":{"rendered":"http:\/\/silap.testonline.biz\/?page_id=104"},"modified":"2021-03-23T17:11:48","modified_gmt":"2021-03-23T16:11:48","slug":"painting","status":"publish","type":"page","link":"https:\/\/www.silap.com\/de\/silap\/services\/painting\/","title":{"rendered":"Oberfl\u00e4chenbeschichtung"},"content":{"rendered":"<p><strong>DAS I-T\u00dcPFELCHEN AUF EINEN KOMPLETTEN SERVICE<\/strong><\/p>\n<p>Um seine Dienstleistungen erg\u00e4nzen, hat SILAP eine Pulverbeschichtungsanlage installiert, um jeden Farbwunsch des Kunden erf\u00fcllen zu k\u00f6nnen. Ebenfalls ab Juni 2012, ist eine neue Pulveranlage mit Hybridtechnologie in Gas \/ UV-Ofen in Betrieb genommen worden, die bestens in der Lage ist sowohl traditionelle Pulverbeschichtungen als auch UV-Polymerbeschichtung durchzuf\u00fchren.<\/p>\n<p><strong>Einblicke<\/strong><\/p>\n<table>\n<tbody>\n<tr>\n<td>\n<ul>\n<li><a href=\"https:\/\/www.silap.com\/silap\/business-units\/lavorazione-lamiera-taglio-laser\/decorazione-lamiera\/\"><strong>Metalldekoration<\/strong><\/a><\/li>\n<\/ul>\n<\/td>\n<\/tr>\n<tr>\n<td>\n<ul>\n<li><strong><a href=\"http:\/\/www.silap.com\/de\/silap\/services\/painting\/impianto-di-verniciatura-a-polvere-con-asciugatura-uv\/\">Pulverbeschichtungsanlage mit UV-Trocknung<\/a><\/strong><\/li>\n<\/ul>\n<\/td>\n<\/tr>\n<\/tbody>\n<\/table>\n<p><\/p>","protected":false},"excerpt":{"rendered":"<p>DAS I-T\u00dcPFELCHEN AUF EINEN KOMPLETTEN SERVICE Um seine Dienstleistungen erg\u00e4nzen, hat SILAP eine Pulverbeschichtungsanlage installiert, um jeden Farbwunsch des Kunden [&hellip;]<\/p>\n","protected":false},"author":1,"featured_media":697,"parent":79,"menu_order":0,"comment_status":"open","ping_status":"closed","template":"tpl-servizio.php","meta":{"_acf_changed":false,"ngg_post_thumbnail":0,"footnotes":""},"class_list":["post-104","page","type-page","status-publish","has-post-thumbnail","hentry"],"acf":[],"aioseo_notices":[],"_links":{"self":[{"href":"https:\/\/www.silap.com\/de\/wp-json\/wp\/v2\/pages\/104","targetHints":{"allow":["GET"]}}],"collection":[{"href":"https:\/\/www.silap.com\/de\/wp-json\/wp\/v2\/pages"}],"about":[{"href":"https:\/\/www.silap.com\/de\/wp-json\/wp\/v2\/types\/page"}],"author":[{"embeddable":true,"href":"https:\/\/www.silap.com\/de\/wp-json\/wp\/v2\/users\/1"}],"replies":[{"embeddable":true,"href":"https:\/\/www.silap.com\/de\/wp-json\/wp\/v2\/comments?post=104"}],"version-history":[{"count":5,"href":"https:\/\/www.silap.com\/de\/wp-json\/wp\/v2\/pages\/104\/revisions"}],"predecessor-version":[{"id":2842,"href":"https:\/\/www.silap.com\/de\/wp-json\/wp\/v2\/pages\/104\/revisions\/2842"}],"up":[{"embeddable":true,"href":"https:\/\/www.silap.com\/de\/wp-json\/wp\/v2\/pages\/79"}],"wp:featuredmedia":[{"embeddable":true,"href":"https:\/\/www.silap.com\/de\/wp-json\/wp\/v2\/media\/697"}],"wp:attachment":[{"href":"https:\/\/www.silap.com\/de\/wp-json\/wp\/v2\/media?parent=104"}],"curies":[{"name":"wp","href":"https:\/\/api.w.org\/{rel}","templated":true}]}}