{"id":1050,"date":"2015-10-20T14:43:06","date_gmt":"2015-10-20T12:43:06","guid":{"rendered":"http:\/\/www.silap.com\/?page_id=1050"},"modified":"2023-04-11T16:30:55","modified_gmt":"2023-04-11T14:30:55","slug":"valigie","status":"publish","type":"page","link":"https:\/\/www.silap.com\/de\/geco-system\/prodotti\/valigie\/","title":{"rendered":"Koffer"},"content":{"rendered":"<p>Koffer aus beschichteten Metall, wahlweise unterteilt mit Kunststoffschalen, mit oder ohne Metalltrennw\u00e4nde.<\/p>\n<p>Weitere Informationen finden Sie in der beigef\u00fcgten Brosch\u00fcre.<\/p>\n<p><a href=\"https:\/\/www.silap.com\/wp-content\/uploads\/2020\/02\/Catalogo-GECO-SYSTEM_2016-D01_valigie.pdf\" class=\"pdfemb-viewer\" style=\"\" data-width=\"max\" data-height=\"max\" data-toolbar=\"bottom\" data-toolbar-fixed=\"off\">Catalogo GECO SYSTEM_2016-D01_valigie<\/a><\/p>","protected":false},"excerpt":{"rendered":"<p>Koffer aus beschichteten Metall, wahlweise unterteilt mit Kunststoffschalen, mit oder ohne Metalltrennw\u00e4nde. Weitere Informationen finden Sie in der beigef\u00fcgten Brosch\u00fcre.<\/p>\n","protected":false},"author":2,"featured_media":1052,"parent":737,"menu_order":0,"comment_status":"closed","ping_status":"closed","template":"tpl-product.php","meta":{"_acf_changed":false,"ngg_post_thumbnail":0,"footnotes":""},"class_list":["post-1050","page","type-page","status-publish","has-post-thumbnail","hentry"],"acf":[],"aioseo_notices":[],"_links":{"self":[{"href":"https:\/\/www.silap.com\/de\/wp-json\/wp\/v2\/pages\/1050","targetHints":{"allow":["GET"]}}],"collection":[{"href":"https:\/\/www.silap.com\/de\/wp-json\/wp\/v2\/pages"}],"about":[{"href":"https:\/\/www.silap.com\/de\/wp-json\/wp\/v2\/types\/page"}],"author":[{"embeddable":true,"href":"https:\/\/www.silap.com\/de\/wp-json\/wp\/v2\/users\/2"}],"replies":[{"embeddable":true,"href":"https:\/\/www.silap.com\/de\/wp-json\/wp\/v2\/comments?post=1050"}],"version-history":[{"count":5,"href":"https:\/\/www.silap.com\/de\/wp-json\/wp\/v2\/pages\/1050\/revisions"}],"predecessor-version":[{"id":3376,"href":"https:\/\/www.silap.com\/de\/wp-json\/wp\/v2\/pages\/1050\/revisions\/3376"}],"up":[{"embeddable":true,"href":"https:\/\/www.silap.com\/de\/wp-json\/wp\/v2\/pages\/737"}],"wp:featuredmedia":[{"embeddable":true,"href":"https:\/\/www.silap.com\/de\/wp-json\/wp\/v2\/media\/1052"}],"wp:attachment":[{"href":"https:\/\/www.silap.com\/de\/wp-json\/wp\/v2\/media?parent=1050"}],"curies":[{"name":"wp","href":"https:\/\/api.w.org\/{rel}","templated":true}]}}