{"id":1055,"date":"2015-10-22T11:52:53","date_gmt":"2015-10-22T09:52:53","guid":{"rendered":"http:\/\/www.silap.com\/?page_id=1055"},"modified":"2023-04-11T16:26:50","modified_gmt":"2023-04-11T14:26:50","slug":"cassettiere","status":"publish","type":"page","link":"https:\/\/www.silap.com\/de\/geco-system\/prodotti\/cassettiere\/","title":{"rendered":"Schr\u00e4nke"},"content":{"rendered":"<p>Schr\u00e4nke aus beschichteten Metall, erh\u00e4ltlich in zwei H\u00f6hen (242 mm und 485 mm) und drei Breiten (533 mm, 799 mm, 1066 mm). Ausgestattet mit Schubladen, Koffer, oder beides.<\/p>\n<p>Weitere Informationen finden Sie in der beigef\u00fcgten Brosch\u00fcre.<\/p>\n<p><a href=\"https:\/\/www.silap.com\/wp-content\/uploads\/2020\/02\/Catalogo-GECO-SYSTEM_2016-D01_cassettiere.pdf\" class=\"pdfemb-viewer\" style=\"\" data-width=\"max\" data-height=\"max\" data-toolbar=\"bottom\" data-toolbar-fixed=\"off\">Catalogo GECO SYSTEM_2016-D01_cassettiere<\/a><\/p>","protected":false},"excerpt":{"rendered":"<p>Schr\u00e4nke aus beschichteten Metall, erh\u00e4ltlich in zwei H\u00f6hen (242 mm und 485 mm) und drei Breiten (533 mm, 799 mm, [&hellip;]<\/p>\n","protected":false},"author":2,"featured_media":1056,"parent":737,"menu_order":0,"comment_status":"closed","ping_status":"closed","template":"tpl-product.php","meta":{"_acf_changed":false,"ngg_post_thumbnail":0,"footnotes":""},"class_list":["post-1055","page","type-page","status-publish","has-post-thumbnail","hentry"],"acf":[],"aioseo_notices":[],"_links":{"self":[{"href":"https:\/\/www.silap.com\/de\/wp-json\/wp\/v2\/pages\/1055","targetHints":{"allow":["GET"]}}],"collection":[{"href":"https:\/\/www.silap.com\/de\/wp-json\/wp\/v2\/pages"}],"about":[{"href":"https:\/\/www.silap.com\/de\/wp-json\/wp\/v2\/types\/page"}],"author":[{"embeddable":true,"href":"https:\/\/www.silap.com\/de\/wp-json\/wp\/v2\/users\/2"}],"replies":[{"embeddable":true,"href":"https:\/\/www.silap.com\/de\/wp-json\/wp\/v2\/comments?post=1055"}],"version-history":[{"count":5,"href":"https:\/\/www.silap.com\/de\/wp-json\/wp\/v2\/pages\/1055\/revisions"}],"predecessor-version":[{"id":3373,"href":"https:\/\/www.silap.com\/de\/wp-json\/wp\/v2\/pages\/1055\/revisions\/3373"}],"up":[{"embeddable":true,"href":"https:\/\/www.silap.com\/de\/wp-json\/wp\/v2\/pages\/737"}],"wp:featuredmedia":[{"embeddable":true,"href":"https:\/\/www.silap.com\/de\/wp-json\/wp\/v2\/media\/1056"}],"wp:attachment":[{"href":"https:\/\/www.silap.com\/de\/wp-json\/wp\/v2\/media?parent=1055"}],"curies":[{"name":"wp","href":"https:\/\/api.w.org\/{rel}","templated":true}]}}