{"id":1064,"date":"2015-10-22T11:56:48","date_gmt":"2015-10-22T09:56:48","guid":{"rendered":"http:\/\/www.silap.com\/?page_id=1064"},"modified":"2023-04-11T16:29:35","modified_gmt":"2023-04-11T14:29:35","slug":"sistema-d-floor","status":"publish","type":"page","link":"https:\/\/www.silap.com\/de\/geco-system\/prodotti\/sistema-d-floor\/","title":{"rendered":"System d-FLOOR"},"content":{"rendered":"<p>Es erm\u00f6glicht Ihnen, einen doppelten Boden in Ihrem Fahrzeug zu schaffen. Schr\u00e4nke in zwei Gr\u00f6\u00dfen mit einer oder zwei\u00a0 Schubladen und Gummimatte.<\/p>\n<p>Weitere Informationen finden Sie in der beigef\u00fcgten Brosch\u00fcre.<\/p>\n<p><a href=\"https:\/\/www.silap.com\/wp-content\/uploads\/2020\/02\/Catalogo-GECO-SYSTEM_2016-D01_dFloor.pdf\" class=\"pdfemb-viewer\" style=\"\" data-width=\"max\" data-height=\"max\" data-toolbar=\"bottom\" data-toolbar-fixed=\"off\">Catalogo GECO SYSTEM_2016-D01_dFloor<\/a><\/p>","protected":false},"excerpt":{"rendered":"<p>Es erm\u00f6glicht Ihnen, einen doppelten Boden in Ihrem Fahrzeug zu schaffen. Schr\u00e4nke in zwei Gr\u00f6\u00dfen mit einer oder zwei\u00a0 Schubladen [&hellip;]<\/p>\n","protected":false},"author":2,"featured_media":1065,"parent":737,"menu_order":0,"comment_status":"closed","ping_status":"closed","template":"tpl-product.php","meta":{"_acf_changed":false,"ngg_post_thumbnail":0,"footnotes":""},"class_list":["post-1064","page","type-page","status-publish","has-post-thumbnail","hentry"],"acf":[],"aioseo_notices":[],"_links":{"self":[{"href":"https:\/\/www.silap.com\/de\/wp-json\/wp\/v2\/pages\/1064","targetHints":{"allow":["GET"]}}],"collection":[{"href":"https:\/\/www.silap.com\/de\/wp-json\/wp\/v2\/pages"}],"about":[{"href":"https:\/\/www.silap.com\/de\/wp-json\/wp\/v2\/types\/page"}],"author":[{"embeddable":true,"href":"https:\/\/www.silap.com\/de\/wp-json\/wp\/v2\/users\/2"}],"replies":[{"embeddable":true,"href":"https:\/\/www.silap.com\/de\/wp-json\/wp\/v2\/comments?post=1064"}],"version-history":[{"count":5,"href":"https:\/\/www.silap.com\/de\/wp-json\/wp\/v2\/pages\/1064\/revisions"}],"predecessor-version":[{"id":3375,"href":"https:\/\/www.silap.com\/de\/wp-json\/wp\/v2\/pages\/1064\/revisions\/3375"}],"up":[{"embeddable":true,"href":"https:\/\/www.silap.com\/de\/wp-json\/wp\/v2\/pages\/737"}],"wp:featuredmedia":[{"embeddable":true,"href":"https:\/\/www.silap.com\/de\/wp-json\/wp\/v2\/media\/1065"}],"wp:attachment":[{"href":"https:\/\/www.silap.com\/de\/wp-json\/wp\/v2\/media?parent=1064"}],"curies":[{"name":"wp","href":"https:\/\/api.w.org\/{rel}","templated":true}]}}