{"id":1069,"date":"2015-10-22T11:51:18","date_gmt":"2015-10-22T09:51:18","guid":{"rendered":"http:\/\/www.silap.com\/?page_id=1069"},"modified":"2023-04-11T16:24:22","modified_gmt":"2023-04-11T14:24:22","slug":"allestimenti-precomposti","status":"publish","type":"page","link":"https:\/\/www.silap.com\/de\/geco-system\/prodotti\/allestimenti-precomposti\/","title":{"rendered":"Standardausstattung"},"content":{"rendered":"<p>Auf dieser Seite schlagen wir einige L\u00f6sungen vor, die der Wahl Ihrer Inneneinrichtung f\u00fcr Ihr Nutzfahrzeug helfen k\u00f6nnen.<\/p>\n<p>Weitere Informationen finden Sie in der beigef\u00fcgten Brosch\u00fcre.<\/p>\n<p><a href=\"https:\/\/www.silap.com\/wp-content\/uploads\/2020\/02\/Catalogo-GECO-SYSTEM_2016-D01_precomposti.pdf\" class=\"pdfemb-viewer\" style=\"\" data-width=\"max\" data-height=\"max\" data-toolbar=\"bottom\" data-toolbar-fixed=\"off\">Catalogo GECO SYSTEM_2016-D01_precomposti<\/a><\/p>","protected":false},"excerpt":{"rendered":"<p>Auf dieser Seite schlagen wir einige L\u00f6sungen vor, die der Wahl Ihrer Inneneinrichtung f\u00fcr Ihr Nutzfahrzeug helfen k\u00f6nnen. Weitere Informationen [&hellip;]<\/p>\n","protected":false},"author":2,"featured_media":1070,"parent":737,"menu_order":0,"comment_status":"closed","ping_status":"closed","template":"tpl-product.php","meta":{"_acf_changed":false,"ngg_post_thumbnail":0,"footnotes":""},"class_list":["post-1069","page","type-page","status-publish","has-post-thumbnail","hentry"],"acf":[],"aioseo_notices":[],"_links":{"self":[{"href":"https:\/\/www.silap.com\/de\/wp-json\/wp\/v2\/pages\/1069","targetHints":{"allow":["GET"]}}],"collection":[{"href":"https:\/\/www.silap.com\/de\/wp-json\/wp\/v2\/pages"}],"about":[{"href":"https:\/\/www.silap.com\/de\/wp-json\/wp\/v2\/types\/page"}],"author":[{"embeddable":true,"href":"https:\/\/www.silap.com\/de\/wp-json\/wp\/v2\/users\/2"}],"replies":[{"embeddable":true,"href":"https:\/\/www.silap.com\/de\/wp-json\/wp\/v2\/comments?post=1069"}],"version-history":[{"count":5,"href":"https:\/\/www.silap.com\/de\/wp-json\/wp\/v2\/pages\/1069\/revisions"}],"predecessor-version":[{"id":3371,"href":"https:\/\/www.silap.com\/de\/wp-json\/wp\/v2\/pages\/1069\/revisions\/3371"}],"up":[{"embeddable":true,"href":"https:\/\/www.silap.com\/de\/wp-json\/wp\/v2\/pages\/737"}],"wp:featuredmedia":[{"embeddable":true,"href":"https:\/\/www.silap.com\/de\/wp-json\/wp\/v2\/media\/1070"}],"wp:attachment":[{"href":"https:\/\/www.silap.com\/de\/wp-json\/wp\/v2\/media?parent=1069"}],"curies":[{"name":"wp","href":"https:\/\/api.w.org\/{rel}","templated":true}]}}