{"id":1123,"date":"2015-11-19T13:37:59","date_gmt":"2015-11-19T12:37:59","guid":{"rendered":"http:\/\/www.silap.com\/?page_id=1123"},"modified":"2023-04-11T16:25:45","modified_gmt":"2023-04-11T14:25:45","slug":"base-passaruota-e-spondine","status":"publish","type":"page","link":"https:\/\/www.silap.com\/de\/geco-system\/prodotti\/base-passaruota-e-spondine\/","title":{"rendered":"Radl\u00e4ufe und Schienen"},"content":{"rendered":"<p>Radl\u00e4ufe sind in 3 Versionen herstellbar: offen, mit eingef\u00fcgter \u00d6ffnung und klappbarem H\u00f6herlegungssatz(h 200 mm, verschiedene Breiten erh\u00e4ltlich).<\/p>\n<p>Weitere Informationen finden Sie in der beigef\u00fcgten Brosch\u00fcre.<\/p>\n<p><a href=\"https:\/\/www.silap.com\/wp-content\/uploads\/2020\/02\/Catalogo-GECO-SYSTEM_2016-D01_passaruota.pdf\" class=\"pdfemb-viewer\" style=\"\" data-width=\"max\" data-height=\"max\" data-toolbar=\"bottom\" data-toolbar-fixed=\"off\">Catalogo GECO SYSTEM_2016-D01_passaruota<\/a><\/p>","protected":false},"excerpt":{"rendered":"<p>Radl\u00e4ufe sind in 3 Versionen herstellbar: offen, mit eingef\u00fcgter \u00d6ffnung und klappbarem H\u00f6herlegungssatz(h 200 mm, verschiedene Breiten erh\u00e4ltlich). Weitere Informationen [&hellip;]<\/p>\n","protected":false},"author":2,"featured_media":1126,"parent":737,"menu_order":0,"comment_status":"closed","ping_status":"closed","template":"tpl-product.php","meta":{"_acf_changed":false,"ngg_post_thumbnail":0,"footnotes":""},"class_list":["post-1123","page","type-page","status-publish","has-post-thumbnail","hentry"],"acf":[],"aioseo_notices":[],"_links":{"self":[{"href":"https:\/\/www.silap.com\/de\/wp-json\/wp\/v2\/pages\/1123","targetHints":{"allow":["GET"]}}],"collection":[{"href":"https:\/\/www.silap.com\/de\/wp-json\/wp\/v2\/pages"}],"about":[{"href":"https:\/\/www.silap.com\/de\/wp-json\/wp\/v2\/types\/page"}],"author":[{"embeddable":true,"href":"https:\/\/www.silap.com\/de\/wp-json\/wp\/v2\/users\/2"}],"replies":[{"embeddable":true,"href":"https:\/\/www.silap.com\/de\/wp-json\/wp\/v2\/comments?post=1123"}],"version-history":[{"count":5,"href":"https:\/\/www.silap.com\/de\/wp-json\/wp\/v2\/pages\/1123\/revisions"}],"predecessor-version":[{"id":3372,"href":"https:\/\/www.silap.com\/de\/wp-json\/wp\/v2\/pages\/1123\/revisions\/3372"}],"up":[{"embeddable":true,"href":"https:\/\/www.silap.com\/de\/wp-json\/wp\/v2\/pages\/737"}],"wp:featuredmedia":[{"embeddable":true,"href":"https:\/\/www.silap.com\/de\/wp-json\/wp\/v2\/media\/1126"}],"wp:attachment":[{"href":"https:\/\/www.silap.com\/de\/wp-json\/wp\/v2\/media?parent=1123"}],"curies":[{"name":"wp","href":"https:\/\/api.w.org\/{rel}","templated":true}]}}