{"id":117,"date":"2015-06-30T16:22:41","date_gmt":"2015-06-30T14:22:41","guid":{"rendered":"http:\/\/silap.testonline.biz\/?page_id=117"},"modified":"2020-04-24T14:17:02","modified_gmt":"2020-04-24T12:17:02","slug":"assistenza-post-vendita","status":"publish","type":"page","link":"https:\/\/www.silap.com\/de\/spm\/contacts\/assistenza-post-vendita\/","title":{"rendered":"After sales Service"},"content":{"rendered":"<p>Silap Power Management ist in der Lage, einen After Sales Service von hoher Qualit\u00e4t zu garantieren, in der oleiche Qualit\u00e4t wie die Vorschaltger\u00e4te, die man produziert. Unsere Techniker werden Sie sowohl bei Installations- und funktionellen Problemen, als auch bei eventuellen Fragen nach Ersatz- oder Austausch im Falle von &nbsp;Garantieleistungen unterst\u00fctzen, alles, um die geringste Unannehmlichkeit in Ihrer Produktion zu verhindern.<\/p>\n<h3>Unser Mehrwert<\/h3>\n<ul>\n<li>TECHNISCHE BERATUNG: bei jeder Anforderung. die der Kunden implementieren will, kann er unseren technischer Direktor konsultieren, der zusammen mit dem Handelsvertreter das Problem analysieren und verruche wird, eine angemessene L\u00f6sung zu finden. Dies wird in einen konkreten Vorschlag verwandelt, um eine Kunden-Lieferanten-Beziehung zu entwickeln, die hoffentlich von langer Dauer sein wird.<\/li>\n<li>PRODUKT DEMONSTRATION: immer im Hinblick, eine transparentere Kunden-Lieferanten-Beziehung zu gew\u00e4hrleisten, ist Silap Power Management in der Lage, Vorf\u00fchrungen der Produkte der UV QBe Serie auf Basis der angegebenen Anforderungen beim Kunden oder im eigenen Hause durchzuf\u00fchren. Das Treffen wird im Voraus organisiert, um die besten Bedingungen f\u00fcr die Probevorf\u00fchrung festzulegen, damit die Erreichung der Kundenvorgaben garantiert wird.<\/li>\n<\/ul>\n<h3>Servicepersonal<\/h3>\n<p>Unser Service Personal steht Ihnen bei technischen Problemen, die bei der Nutzung oder Installation der Produkte der QBe Serie auftreten, zur Verf\u00fcgung. Wenn Ihr Problem nicht unbedingt technisch ist, schicken Sie bitte eine E-Mail an <a href=\"mailto:sales.spm@silap.com\">sales.spm@silap.com<\/a> oder rufen Sie die Telefonnummer 039\/6085966 an und fragen Sie nach Ihren lokalen Agenten.<\/p>\n<h3>Kontakte Technischer Support<\/h3>\n<table>\n<tbody>\n<tr>\n<td>\n<ul>\n<li><strong>Stefano Cirillo<\/strong><br \/>\nTel. 039\/6085966 ext. 267<br \/>\nE-mail: <a href=\"mailto:lab.spm@silap.com\">lab.spm@silap.com<\/a><\/li>\n<\/ul>\n<\/td>\n<td>\n<ul>\n<li><strong>Manuela Monteleone<\/strong><br \/>\nTel. 039\/6085966 ext. 270<br \/>\nE-mail: <a href=\"mailto:monteleone.manuela@silap.com\">monteleone.manuela@silap.com<\/a><\/li>\n<\/ul>\n<\/td>\n<\/tr>\n<\/tbody>\n<\/table>\n<h3>Kontakte Kommerzieller Support<\/h3>\n<table>\n<tbody>\n<tr>\n<td>\n<ul>\n<li><strong>Lorena Biffi<\/strong><br \/>\nTel. 039\/6085966 ext.&nbsp;233<br \/>\nE-mail: <a href=\"mailto:sales.spm@silap.com\">sales.spm@silap.com<\/a><\/li>\n<\/ul>\n<\/td>\n<\/tr>\n<\/tbody>\n<\/table>\n<h3>Telefonnummer kunderdendienst<\/h3>\n<table>\n<tbody>\n<tr>\n<td style=\"padding-right: 20px; font-size: 18px;\"><strong><img loading=\"lazy\" decoding=\"async\" class=\"alignnone wp-image-452\" src=\"http:\/\/www.silap.com\/wp-content\/uploads\/2015\/06\/telephone_iphone-150x150.jpg\" alt=\"telephone_iphone\" width=\"30\" height=\"30\" srcset=\"https:\/\/www.silap.com\/wp-content\/uploads\/2015\/06\/telephone_iphone-150x150.jpg 150w, https:\/\/www.silap.com\/wp-content\/uploads\/2015\/06\/telephone_iphone.jpg 239w\" sizes=\"auto, (max-width: 30px) 100vw, 30px\" \/><\/strong><\/td>\n<td style=\"font-size: 18px;\"><strong>(+39) 039 6085966 ext. 267 (ITA) \/ ext. 270&nbsp;(ENG)<\/strong><\/td>\n<\/tr>\n<\/tbody>\n<\/table>\n<p><\/p>","protected":false},"excerpt":{"rendered":"<p>Silap Power Management ist in der Lage, einen After Sales Service von hoher Qualit\u00e4t zu garantieren, in der oleiche Qualit\u00e4t [&hellip;]<\/p>\n","protected":false},"author":1,"featured_media":698,"parent":44,"menu_order":0,"comment_status":"open","ping_status":"closed","template":"tpl-standard.php","meta":{"_acf_changed":false,"ngg_post_thumbnail":0,"footnotes":""},"class_list":["post-117","page","type-page","status-publish","has-post-thumbnail","hentry"],"acf":[],"aioseo_notices":[],"_links":{"self":[{"href":"https:\/\/www.silap.com\/de\/wp-json\/wp\/v2\/pages\/117","targetHints":{"allow":["GET"]}}],"collection":[{"href":"https:\/\/www.silap.com\/de\/wp-json\/wp\/v2\/pages"}],"about":[{"href":"https:\/\/www.silap.com\/de\/wp-json\/wp\/v2\/types\/page"}],"author":[{"embeddable":true,"href":"https:\/\/www.silap.com\/de\/wp-json\/wp\/v2\/users\/1"}],"replies":[{"embeddable":true,"href":"https:\/\/www.silap.com\/de\/wp-json\/wp\/v2\/comments?post=117"}],"version-history":[{"count":5,"href":"https:\/\/www.silap.com\/de\/wp-json\/wp\/v2\/pages\/117\/revisions"}],"predecessor-version":[{"id":2370,"href":"https:\/\/www.silap.com\/de\/wp-json\/wp\/v2\/pages\/117\/revisions\/2370"}],"up":[{"embeddable":true,"href":"https:\/\/www.silap.com\/de\/wp-json\/wp\/v2\/pages\/44"}],"wp:featuredmedia":[{"embeddable":true,"href":"https:\/\/www.silap.com\/de\/wp-json\/wp\/v2\/media\/698"}],"wp:attachment":[{"href":"https:\/\/www.silap.com\/de\/wp-json\/wp\/v2\/media?parent=117"}],"curies":[{"name":"wp","href":"https:\/\/api.w.org\/{rel}","templated":true}]}}