{"id":1268,"date":"2015-11-30T14:35:19","date_gmt":"2015-11-30T13:35:19","guid":{"rendered":"http:\/\/www.silap.com\/?page_id=1268"},"modified":"2020-06-12T10:58:45","modified_gmt":"2020-06-12T08:58:45","slug":"alimentatori-uv","status":"publish","type":"page","link":"https:\/\/www.silap.com\/de\/spm\/services\/alimentatori-uv\/","title":{"rendered":"Elektronische Vorschaltger\u00e4te f\u00fcr UV-Lampen"},"content":{"rendered":"<p><\/p>\n<table>\n<tbody>\n<tr>\n<td><a href=\"http:\/\/www.silap.com\/en\/spm\/pr\/product-range\/italiano-alimentatore-elettronico-uv-qbe-mini\/\"><img loading=\"lazy\" decoding=\"async\" class=\"aligncenter size-full wp-image-1142\" src=\"http:\/\/www.silap.com\/wp-content\/uploads\/2015\/09\/folder.png\" alt=\"folder\" width=\"64\" height=\"64\" \/><\/a><\/p>\n<h5 style=\"text-align: center; padding-right: 10px;\">Produktseite<br \/>\nUV QBe MINI<\/h5>\n<\/td>\n<td>Die Vorschaltger\u00e4te, die Silap Power Management produziert, lassen sich in folgende Kategorien unterteilen:<\/p>\n<ul>\n<li><strong>UV QBe MINI LC<\/strong>: elektronisches Vorschaltger\u00e4t mit Luftk\u00fchlung . Maximale Ausgangsleistung von 9 kW, Stromausgang kleiner als 18A.<\/li>\n<li><strong>UV QBe MINI HC<\/strong>:\u00a0elektronisches Vorschaltger\u00e4t mit Luftk\u00fchlung. Maximale Ausgangsleistung von 9 kW, Stromausgang von mehr als 18A<\/li>\n<\/ul>\n<p>Beide <strong>UV QBe Mini<\/strong>-Versionen besitzen eine Fehlererkennung bei der Erdung, die im Preis inbegriffen ist.<\/td>\n<\/tr>\n<\/tbody>\n<\/table>\n<hr \/>\n<table>\n<tbody>\n<tr>\n<td><a href=\"http:\/\/www.silap.com\/en\/spm\/pr\/product-range\/italiano-alimentatore-elettronico-uv-qbe\/\"><img loading=\"lazy\" decoding=\"async\" class=\"aligncenter size-full wp-image-1142\" src=\"http:\/\/www.silap.com\/wp-content\/uploads\/2015\/09\/folder.png\" alt=\"folder\" width=\"64\" height=\"64\" \/><\/a><\/p>\n<h5 style=\"text-align: center; padding-right: 10px;\">Produktseite UV QBe<\/h5>\n<\/td>\n<td>\n<ul>\n<li><strong>UV QBe 12-24 kW<\/strong>: elektronisches Vorschaltger\u00e4t verf\u00fcgbar mit Luft- oder Wasserk\u00fchlung . Ausgangsleistungsbereich: 12 bis 24 kW.<\/li>\n<li><strong>UV QBe XT 27-30 kW<\/strong>: elektronisches Vorschaltger\u00e4t, ausgelegt f\u00fcr hohe Leistung, wahlweise mit Luft- oder Wasserk\u00fchlung . Ausgangsleistungsbereich: 27 bis 30 kW.<\/li>\n<\/ul>\n<p>Beide UV QBe Versionen besitzen eine Fehlererkennung bei der Erdung, die im Preis inbegriffen ist. Auch, wenn das Vorschaltger\u00e4t luftgek\u00fchlt ist, enth\u00e4lt es standartm\u00e4\u00dfig einen integrierten L\u00fcfter.<\/td>\n<\/tr>\n<\/tbody>\n<\/table>\n<p>F\u00fcr weitere Informationen klicken Sie bitte auf den Link oben oder im Men\u00fc Bereich auf <strong>Produkte <\/strong>am oberen Rand der Seite.<\/p>\n<p>Sollten Sie weitere Informationen w\u00fcnschen, <a href=\"http:\/\/www.silap.com\/de\/spm\/contacts\/\"><u>kontaktieren<\/u><\/a> Sie uns bitte. Unsere Ingenieure werden gerne Ihre Fragen beantworten und Ihnen helfen, das beste Produkt f\u00fcr Ihre Bed\u00fcrfnisse auszuw\u00e4hlen.<\/p>","protected":false},"excerpt":{"rendered":"<p>Produktseite UV QBe MINI Die Vorschaltger\u00e4te, die Silap Power Management produziert, lassen sich in folgende Kategorien unterteilen: UV QBe MINI [&hellip;]<\/p>\n","protected":false},"author":2,"featured_media":698,"parent":81,"menu_order":6,"comment_status":"closed","ping_status":"closed","template":"tpl-servizio.php","meta":{"_acf_changed":false,"ngg_post_thumbnail":0,"footnotes":""},"class_list":["post-1268","page","type-page","status-publish","has-post-thumbnail","hentry"],"acf":[],"aioseo_notices":[],"_links":{"self":[{"href":"https:\/\/www.silap.com\/de\/wp-json\/wp\/v2\/pages\/1268","targetHints":{"allow":["GET"]}}],"collection":[{"href":"https:\/\/www.silap.com\/de\/wp-json\/wp\/v2\/pages"}],"about":[{"href":"https:\/\/www.silap.com\/de\/wp-json\/wp\/v2\/types\/page"}],"author":[{"embeddable":true,"href":"https:\/\/www.silap.com\/de\/wp-json\/wp\/v2\/users\/2"}],"replies":[{"embeddable":true,"href":"https:\/\/www.silap.com\/de\/wp-json\/wp\/v2\/comments?post=1268"}],"version-history":[{"count":5,"href":"https:\/\/www.silap.com\/de\/wp-json\/wp\/v2\/pages\/1268\/revisions"}],"predecessor-version":[{"id":2042,"href":"https:\/\/www.silap.com\/de\/wp-json\/wp\/v2\/pages\/1268\/revisions\/2042"}],"up":[{"embeddable":true,"href":"https:\/\/www.silap.com\/de\/wp-json\/wp\/v2\/pages\/81"}],"wp:featuredmedia":[{"embeddable":true,"href":"https:\/\/www.silap.com\/de\/wp-json\/wp\/v2\/media\/698"}],"wp:attachment":[{"href":"https:\/\/www.silap.com\/de\/wp-json\/wp\/v2\/media?parent=1268"}],"curies":[{"name":"wp","href":"https:\/\/api.w.org\/{rel}","templated":true}]}}