{"id":180,"date":"2015-07-07T09:53:02","date_gmt":"2015-07-07T07:53:02","guid":{"rendered":"http:\/\/silap.testonline.biz\/?page_id=180"},"modified":"2016-06-14T17:53:16","modified_gmt":"2016-06-14T15:53:16","slug":"italiano-alimentatore-elettronico-uv-qbe","status":"publish","type":"page","link":"https:\/\/www.silap.com\/de\/spm\/pr\/product-range\/italiano-alimentatore-elettronico-uv-qbe\/","title":{"rendered":"Elektronisches Vorschaltger\u00e4t UV QBe\u00ae"},"content":{"rendered":"<p>UV QBe ist ein Hochleistungs-Produkt, hergestellt um effizient industrielle UV-Lampen, die f\u00fcr die Trocknung von UV-Farben im grafischen Druckbereich und UV-Lacke in der Veredelung von Holzoberfl\u00e4chen verwendet werden zu unterst\u00fctzen.<\/p>\n<p>Dieses Modell ist in zwei Versionen verf\u00fcgbar:<\/p>\n<ul>\n<li><strong>UV QBe 12-24 kW<\/strong>: Version mit einer Ausgangsleistung von 12 bis 24 KW<\/li>\n<li><strong>UV QBe XT 27-30 kW: <\/strong>Version mit eines Ausgangsleistung von 27 bis 30 KW<\/li>\n<\/ul>\n<p>Beide Versionen mit Top-L\u00fcfter und Fehlererkennung bei Erdung. Bei Luftk\u00fchlung ist auch ein integrierter embedded Power Supply L\u00fcfter eingeschlossen L\u00fcfterleistung.<\/p>\n<p>Alle Produkte im Bereich QBe haben die M\u00f6glichkeit, die Stromst\u00e4rke in einer kontinuierlichen Weise zu steuern, ohne deshalb durch feste Phasen gebunden zu sein. All dies, um eine bessere Leistung in Bezug auf die Effizienz und Leistungsanpassung zur Verf\u00fcgung zu stellen. Auch verbessert dieser Aspekt den Betrieb der internen Hochfrequenzelektronik, was auch zu einem stabileren Produkt f\u00fchrt, stabiler als die meisten anderen elektronischen Netzteile, die im dem Markt verf\u00fcgbar sind. Neben seiner Funktionalit\u00e4t, verdient auch das Design die Aufmerksamkeit: UV QBEe ist dank seiner kompakten Gr\u00f6\u00dfe ein viel flexibleres Produkt in der Positionierung in elektronischen Geh\u00e4usen oder in der Maschine als herk\u00f6mmliche UV-Netzteile.<\/p>\n<p><strong>Charakteristika<\/strong><\/p>\n<ul>\n<li>Ausgangssignal als Rechtecksignal, um mehr UV produzieren zu k\u00f6nnen bei geringerem Energieverbrauch<\/li>\n<li>Dauerkontrolle der Leistung von 10 bis 100%, in Abh\u00e4ngigkeit von der Arbeitsgeschwindigkeit<\/li>\n<li>K\u00fcrzere Reaktionszeiten, d.h. das Produkt reagiert schneller auf Kraft\u00e4nderungen<\/li>\n<li>Wirkungsgrad des Ausgangssignals mind. 95%<\/li>\n<li>Kontrolle des geschlossenen Stromkreises auf dem Niveau des erforderlichen Leistungssignals<\/li>\n<li>Stand-by Funktion ab 15%<\/li>\n<li>Einfache Installation<\/li>\n<\/ul>\n<p><strong>Technische Spezifikationen<\/strong><\/p>\n<div class=\"table-responsive\">\n<table class=\"table table-striped\">\n<thead>\n<tr style=\"height: 48px;\">\n<th style=\"height: 48px;\"><\/th>\n<th style=\"text-align: center; height: 48px;\">UV QBe<br \/>\n(luft\/wasser <strong>k\u00fchlung<\/strong>)<\/th>\n<th style=\"text-align: center; height: 48px;\">UV QBe XT<br \/>\n(luft\/wasser <strong>k\u00fchlung<\/strong>)<\/th>\n<\/tr>\n<\/thead>\n<tbody>\n<tr style=\"height: 24px;\">\n<td style=\"height: 24px;\" colspan=\"3\"><strong>OUTPUT DER LAMPE<\/strong><\/td>\n<\/tr>\n<tr style=\"height: 24px;\">\n<td style=\"height: 24px;\">Max. elektrische Leistung der Lampe<\/td>\n<td style=\"text-align: center; height: 24px;\">12-24 kW<\/td>\n<td style=\"text-align: center; height: 24px;\">27-30 kW<\/td>\n<\/tr>\n<tr style=\"height: 24px;\">\n<td style=\"height: 24px;\">Max. elektrische Spannung der Lampe<\/td>\n<td style=\"text-align: center; height: 24px;\" colspan=\"2\">2700 V<\/td>\n<\/tr>\n<tr style=\"height: 24px;\">\n<td style=\"height: 24px;\">Max. Stromfluss der Lampe<\/td>\n<td style=\"text-align: center; height: 24px;\" colspan=\"2\">35 A<\/td>\n<\/tr>\n<tr style=\"height: 24px;\">\n<td style=\"height: 24px;\" colspan=\"3\"><strong>STROMVERSORGUNG<\/strong><\/td>\n<\/tr>\n<tr style=\"height: 24px;\">\n<td style=\"height: 24px;\">Max aufgenommene Leistung 24V<\/td>\n<td style=\"text-align: center; height: 24px;\" colspan=\"2\">25 W<\/td>\n<\/tr>\n<tr style=\"height: 24px;\">\n<td style=\"height: 24px;\">Max Absorptionsfan bei 220V<\/td>\n<td style=\"text-align: center; height: 24px;\" colspan=\"2\">65 W<\/td>\n<\/tr>\n<tr style=\"height: 24px;\">\n<td style=\"height: 24px;\">Versorgungsspannung<\/td>\n<td style=\"text-align: center; height: 24px;\" colspan=\"2\">360-530 V<\/td>\n<\/tr>\n<tr style=\"height: 24px;\">\n<td style=\"height: 24px;\">Stromversorgung (bei 27 kW)<\/td>\n<td style=\"text-align: center; height: 24px;\" colspan=\"2\">3 x 35 A<\/td>\n<\/tr>\n<tr style=\"height: 24px;\">\n<td style=\"height: 24px;\">Netzfrequenz<\/td>\n<td style=\"text-align: center; height: 24px;\" colspan=\"2\">50-60 Hz<\/td>\n<\/tr>\n<tr style=\"height: 24px;\">\n<td style=\"height: 24px;\" colspan=\"3\"><strong>ELEKTRISCHE CHARAKTERSITKA<\/strong><\/td>\n<\/tr>\n<tr style=\"height: 24px;\">\n<td style=\"height: 24px;\">Cos\u00a0\u03a6<\/td>\n<td style=\"text-align: center; height: 24px;\" colspan=\"2\">&gt; 0.99<\/td>\n<\/tr>\n<tr style=\"height: 24px;\">\n<td style=\"height: 24px;\">elektrischer Wirkungsgrad<\/td>\n<td style=\"text-align: center; height: 24px;\" colspan=\"2\">&gt; 0.95<\/td>\n<\/tr>\n<tr style=\"height: 24px;\">\n<td style=\"height: 24px;\">Stromleitungsausgleich<\/td>\n<td style=\"text-align: center; height: 24px;\" colspan=\"2\">Simmetrically on 3 phases<\/td>\n<\/tr>\n<tr style=\"height: 24px;\">\n<td style=\"height: 24px;\">Anschlussklemmen<\/td>\n<td style=\"text-align: center; height: 24px;\">L1, L2, L3, PE<\/td>\n<td style=\"text-align: center; height: 24px;\">L1, L2, L3, PE, N<\/td>\n<\/tr>\n<tr style=\"height: 24px;\">\n<td style=\"height: 24px;\">Regelbereich der Lampenleistung<\/td>\n<td style=\"text-align: center; height: 24px;\" colspan=\"2\">10% &#8211; 100%<\/td>\n<\/tr>\n<tr style=\"height: 24px;\">\n<td style=\"height: 24px;\" colspan=\"3\"><strong>MECHANISCHE CHARAKTERISTIKA <\/strong><\/td>\n<\/tr>\n<tr style=\"height: 24px;\">\n<td style=\"height: 24px;\">Umgebungstemperatur<\/td>\n<td style=\"text-align: center; height: 24px;\" colspan=\"2\">Up to 40\u00b0C \/ 104 \u00b0F<\/td>\n<\/tr>\n<tr style=\"height: 24px;\">\n<td style=\"height: 24px;\" colspan=\"3\"><strong>ABMESSUNGEN (LXHXB) <\/strong><\/td>\n<\/tr>\n<tr style=\"height: 56px;\">\n<td style=\"height: 56px;\">\n<p style=\"text-align: center;\">Wasserk\u00fchlung<\/p>\n<\/td>\n<td style=\"text-align: center; height: 56px;\" colspan=\"2\">620 x 185 x 200 mm<br \/>\n2.44 x 0.73 x 0.79 inch<\/td>\n<\/tr>\n<tr style=\"height: 56px;\">\n<td style=\"height: 56px;\">\n<p style=\"text-align: center;\">Luftk\u00fchlung<\/p>\n<\/td>\n<td style=\"text-align: center; height: 56px;\" colspan=\"2\">680 x 212 x 230 mm<br \/>\n2.68 x 0.83 x 0.91 inch<\/td>\n<\/tr>\n<tr style=\"height: 24px;\">\n<td style=\"height: 24px;\" colspan=\"3\"><strong>GEWICHT <\/strong><\/td>\n<\/tr>\n<tr style=\"height: 24px;\">\n<td style=\"text-align: center; height: 24px;\">Wasserk\u00fchlung<\/td>\n<td style=\"text-align: center; height: 24px;\" colspan=\"2\">19 kg \/ 41.9 lbs<\/td>\n<\/tr>\n<tr style=\"height: 24px;\">\n<td style=\"text-align: center; height: 24px;\">Luftk\u00fchlung<\/td>\n<td style=\"text-align: center; height: 24px;\" colspan=\"2\">27 kg \/ 59.5 lbs<\/td>\n<\/tr>\n<\/tbody>\n<\/table>\n<\/div>\n<p><strong>QBe Marktsegmente<\/strong><\/p>\n<ul>\n<li>Mittel und Breitband<\/li>\n<li>Platten und Holzoberfl\u00e4chen im allgemeinen<\/li>\n<\/ul>\n<p><\/p>","protected":false},"excerpt":{"rendered":"<p>UV QBe ist ein Hochleistungs-Produkt, hergestellt um effizient industrielle UV-Lampen, die f\u00fcr die Trocknung von UV-Farben im grafischen Druckbereich und [&hellip;]<\/p>\n","protected":false},"author":1,"featured_media":186,"parent":113,"menu_order":0,"comment_status":"open","ping_status":"open","template":"tpl-product.php","meta":{"_acf_changed":false,"ngg_post_thumbnail":0,"footnotes":""},"class_list":["post-180","page","type-page","status-publish","has-post-thumbnail","hentry"],"acf":[],"aioseo_notices":[],"_links":{"self":[{"href":"https:\/\/www.silap.com\/de\/wp-json\/wp\/v2\/pages\/180","targetHints":{"allow":["GET"]}}],"collection":[{"href":"https:\/\/www.silap.com\/de\/wp-json\/wp\/v2\/pages"}],"about":[{"href":"https:\/\/www.silap.com\/de\/wp-json\/wp\/v2\/types\/page"}],"author":[{"embeddable":true,"href":"https:\/\/www.silap.com\/de\/wp-json\/wp\/v2\/users\/1"}],"replies":[{"embeddable":true,"href":"https:\/\/www.silap.com\/de\/wp-json\/wp\/v2\/comments?post=180"}],"version-history":[{"count":5,"href":"https:\/\/www.silap.com\/de\/wp-json\/wp\/v2\/pages\/180\/revisions"}],"predecessor-version":[{"id":1684,"href":"https:\/\/www.silap.com\/de\/wp-json\/wp\/v2\/pages\/180\/revisions\/1684"}],"up":[{"embeddable":true,"href":"https:\/\/www.silap.com\/de\/wp-json\/wp\/v2\/pages\/113"}],"wp:featuredmedia":[{"embeddable":true,"href":"https:\/\/www.silap.com\/de\/wp-json\/wp\/v2\/media\/186"}],"wp:attachment":[{"href":"https:\/\/www.silap.com\/de\/wp-json\/wp\/v2\/media?parent=180"}],"curies":[{"name":"wp","href":"https:\/\/api.w.org\/{rel}","templated":true}]}}