{"id":1826,"date":"2017-03-01T10:00:50","date_gmt":"2017-03-01T09:00:50","guid":{"rendered":"http:\/\/www.silap.com\/?page_id=1826"},"modified":"2019-04-12T09:28:34","modified_gmt":"2019-04-12T07:28:34","slug":"sistema-uv-led","status":"publish","type":"page","link":"https:\/\/www.silap.com\/de\/spm\/services\/sistema-uv-led\/","title":{"rendered":"(Italiano) Integrazione e retrofit con lampade UV LED"},"content":{"rendered":"<p>&#8220; width=&#8220;600&#8243; height=&#8220;376&#8243;><\/p>\n<p>Le lampade UV LED DROLED emettono un spettro diverso da quello delle lampade UV tradizionali, poich\u00e9 il picco di emissione \u00e8 molto pi\u00f9 selettivo e centrato su specifiche lunghezze d&#8217;onda; motivo percui \u00e8 necessario utilizzare prodotti (vernici, inchiostri, ecc.) studiati appositamente per reagire alla luce UV LED.<\/p>\n<p>Per maggiori informazioni consultare la pagina dedicata al prodotto UV LED DROLED L7x<\/p>\n<table>\n<tbody>\n<tr>\n<td><a href=\"https:\/\/www.silap.com\/spm\/pr\/product-range\/lampada-uv-led-droled-l7x\/\"><img loading=\"lazy\" decoding=\"async\" class=\"aligncenter size-full wp-image-1142\" src=\"http:\/\/www.silap.com\/wp-content\/uploads\/2015\/09\/folder.png\" alt=\"\" width=\"64\" height=\"64\"><\/a><\/td>\n<td>\n<h4>Lampade UV LED DROLED L7x<\/h4>\n<\/td>\n<\/tr>\n<\/tbody>\n<\/table>\n<p>Per ulteriori necessit\u00e0 potete contattarci agli indirizzi riportati nella nostra pagina <a href=\"http:\/\/www.silap.com\/spm\/contacts\/\">contatti<\/a>. Saremo lieti di fornirvi tutte le informazioni per soddisfare le vostre esigenze.&#8220; width=&#8220;600&#8243; height=&#8220;376&#8243;><\/p>\n<p><span class=\"tlid-translation translation\" lang=\"en\"><span title=\"\">UV LED DROLED lamps emit a different spectrum than traditional UV lamps, because the emission peak is much more selective and centered on specific wavelengths;<\/span> <span class=\"\" title=\"\">for this reason it is necessary to use products (paints, inks, etc.) specifically designed to react to UV LED light.<\/span><\/span><\/p>\n<p><span class=\"tlid-translation translation\" lang=\"en\"><span class=\"\" title=\"\">For more information see the page dedicated to the<\/span><\/span> UV LED DROLED L7x product.<\/p>\n<table>\n<tbody>\n<tr>\n<td><a href=\"https:\/\/www.silap.com\/spm\/pr\/product-range\/lampada-uv-led-droled-l7x\/\"><img loading=\"lazy\" decoding=\"async\" class=\"aligncenter size-full wp-image-1142\" src=\"http:\/\/www.silap.com\/wp-content\/uploads\/2015\/09\/folder.png\" alt=\"\" width=\"64\" height=\"64\"><\/a><\/td>\n<td>\n<h4>DROLED L7x UV LED lamp<\/h4>\n<\/td>\n<\/tr>\n<\/tbody>\n<\/table>\n<p><span class=\"tlid-translation translation\" lang=\"en\"><span class=\"\" title=\"\">For further needs you can contact us at the addresses listed on our <a href=\"http:\/\/www.silap.com\/en\/spm\/contacts\/\">contact <\/a>page.<\/span> <span class=\"\" title=\"\">We will be happy to provide you all information to meet your needs.<\/span><\/span><\/p>","protected":false},"excerpt":{"rendered":"<p>&#8220; width=&#8220;600&#8243; height=&#8220;376&#8243;> Le lampade UV LED DROLED emettono un spettro diverso da quello delle lampade UV tradizionali, poich\u00e9 il [&hellip;]<\/p>\n","protected":false},"author":2,"featured_media":698,"parent":81,"menu_order":5,"comment_status":"closed","ping_status":"closed","template":"tpl-servizio.php","meta":{"_acf_changed":false,"ngg_post_thumbnail":0,"footnotes":""},"class_list":["post-1826","page","type-page","status-publish","has-post-thumbnail","hentry"],"acf":[],"aioseo_notices":[],"_links":{"self":[{"href":"https:\/\/www.silap.com\/de\/wp-json\/wp\/v2\/pages\/1826","targetHints":{"allow":["GET"]}}],"collection":[{"href":"https:\/\/www.silap.com\/de\/wp-json\/wp\/v2\/pages"}],"about":[{"href":"https:\/\/www.silap.com\/de\/wp-json\/wp\/v2\/types\/page"}],"author":[{"embeddable":true,"href":"https:\/\/www.silap.com\/de\/wp-json\/wp\/v2\/users\/2"}],"replies":[{"embeddable":true,"href":"https:\/\/www.silap.com\/de\/wp-json\/wp\/v2\/comments?post=1826"}],"version-history":[{"count":5,"href":"https:\/\/www.silap.com\/de\/wp-json\/wp\/v2\/pages\/1826\/revisions"}],"predecessor-version":[{"id":2093,"href":"https:\/\/www.silap.com\/de\/wp-json\/wp\/v2\/pages\/1826\/revisions\/2093"}],"up":[{"embeddable":true,"href":"https:\/\/www.silap.com\/de\/wp-json\/wp\/v2\/pages\/81"}],"wp:featuredmedia":[{"embeddable":true,"href":"https:\/\/www.silap.com\/de\/wp-json\/wp\/v2\/media\/698"}],"wp:attachment":[{"href":"https:\/\/www.silap.com\/de\/wp-json\/wp\/v2\/media?parent=1826"}],"curies":[{"name":"wp","href":"https:\/\/api.w.org\/{rel}","templated":true}]}}