{"id":272,"date":"2015-07-22T16:03:53","date_gmt":"2015-07-22T14:03:53","guid":{"rendered":"http:\/\/silap.testonline.biz\/?page_id=272"},"modified":"2016-06-14T17:18:01","modified_gmt":"2016-06-14T15:18:01","slug":"filosofia-di-prodotto","status":"publish","type":"page","link":"https:\/\/www.silap.com\/de\/spm\/pr\/filosofia-di-prodotto\/","title":{"rendered":"Produktphilosophie"},"content":{"rendered":"<p>SILAP Power Management pr\u00e4sentiert sich im Markt als ein Unternehmen, das seine n Kunden einen umfassenden Service bietet, der die folgenden Schritte umfasst:<\/p>\n<ul>\n<li><strong>Mechanische Projektierung:<br \/>\n<\/strong>Die Auswahl des am besten geeigneten Materials und dessen Eigenschaften zu untersuchen wird zusammen mit einer sorgf\u00e4ltigen Machbarkeitsstudie durchgef\u00fchrt, mit dem Ziel, ein reibungsloses Funktionieren und Stabilit\u00e4t eines jeden Produkts zu garantieren.<\/li>\n<li><strong>Elektronische Projektierung:<br \/>\n<\/strong>das Know-how von unseren Technikern im Bereich Elektronik erlaubt uns, fortschrittliche und effiziente Produkte, sowohl aus der Sicht Produktivit\u00e4t als auch der Energieeinsparung, zu realisieren.<\/li>\n<li><strong>Realisiserung der Teile:<br \/>\n<\/strong>unsere Produktionseinheit hat die Einrichtungen und die F\u00e4higkeiten, Produkte von hoher Qualit\u00e4t herzustellen, die den Anforderungen der Design-Phase gerecht werden. Au\u00dferdem befasst sie sich mit den Funktionspr\u00fcfungen (mechanisch und elektrisch) des Endprodukts, mit entsprechenden Freigabedokumenten.<\/li>\n<li><strong>Marketing:<br \/>\n<\/strong>unser Netzwerk von Vertriebsingenieure ist in der Lage, Kunden bei der Auswahl der am besten geeignete Produkt zu beraten. Au\u00dferdem unterst\u00fctzen Sie bei der Finanzierung des Produktes.<\/li>\n<li><strong>After sales Service:<br \/>\n<\/strong>Unsere Techniker stehen den Kunden unterst\u00fctzend zur Verf\u00fcgung, wenn es zu einer Fehlfunktion des Produktes kommt und betreuen sie, wann immer es m\u00f6glich, \u00a0bis zur L\u00f6sung des Problems<\/li>\n<\/ul>\n<p><\/p>","protected":false},"excerpt":{"rendered":"<p>SILAP Power Management pr\u00e4sentiert sich im Markt als ein Unternehmen, das seine n Kunden einen umfassenden Service bietet, der die [&hellip;]<\/p>\n","protected":false},"author":1,"featured_media":698,"parent":277,"menu_order":0,"comment_status":"open","ping_status":"open","template":"","meta":{"_acf_changed":false,"ngg_post_thumbnail":0,"footnotes":""},"class_list":["post-272","page","type-page","status-publish","has-post-thumbnail","hentry"],"acf":[],"aioseo_notices":[],"_links":{"self":[{"href":"https:\/\/www.silap.com\/de\/wp-json\/wp\/v2\/pages\/272","targetHints":{"allow":["GET"]}}],"collection":[{"href":"https:\/\/www.silap.com\/de\/wp-json\/wp\/v2\/pages"}],"about":[{"href":"https:\/\/www.silap.com\/de\/wp-json\/wp\/v2\/types\/page"}],"author":[{"embeddable":true,"href":"https:\/\/www.silap.com\/de\/wp-json\/wp\/v2\/users\/1"}],"replies":[{"embeddable":true,"href":"https:\/\/www.silap.com\/de\/wp-json\/wp\/v2\/comments?post=272"}],"version-history":[{"count":4,"href":"https:\/\/www.silap.com\/de\/wp-json\/wp\/v2\/pages\/272\/revisions"}],"predecessor-version":[{"id":1682,"href":"https:\/\/www.silap.com\/de\/wp-json\/wp\/v2\/pages\/272\/revisions\/1682"}],"up":[{"embeddable":true,"href":"https:\/\/www.silap.com\/de\/wp-json\/wp\/v2\/pages\/277"}],"wp:featuredmedia":[{"embeddable":true,"href":"https:\/\/www.silap.com\/de\/wp-json\/wp\/v2\/media\/698"}],"wp:attachment":[{"href":"https:\/\/www.silap.com\/de\/wp-json\/wp\/v2\/media?parent=272"}],"curies":[{"name":"wp","href":"https:\/\/api.w.org\/{rel}","templated":true}]}}