{"id":287,"date":"2015-07-22T16:39:52","date_gmt":"2015-07-22T14:39:52","guid":{"rendered":"http:\/\/silap.testonline.biz\/?page_id=287"},"modified":"2016-06-17T18:06:18","modified_gmt":"2016-06-17T16:06:18","slug":"dispositivo-di-controllo-manuale-per-alimentatore-elettronico-uv-qbe","status":"publish","type":"page","link":"https:\/\/www.silap.com\/de\/spm\/pr\/accessori\/dispositivo-di-controllo-manuale-per-alimentatore-elettronico-uv-qbe\/","title":{"rendered":"Handsteuerger\u00e4t f\u00fcr das elektronische Vorschaltger\u00e4t UV QBe"},"content":{"rendered":"<p><\/p>\n<h3>Einleitung<\/h3>\n<p>Das Handsteuerger\u00e4t ist ein externes Werkzeug, das die UV Stromversorgung QBE ohne die Verwendung eines PLC nutzen kann, sondern durch die Befehle von der Vorrichtung. Der Zweck dieses Dokuments ist es, den Betrieb und die Gebrauchsanweisung zu beschreiben.<\/p>\n<h3>Hauptvorteile<\/h3>\n<ul>\n<li><strong>Leicht zu verwenden:\u00a0<\/strong>einmal eingestellt folgen Sie einfach der An- und Abschaltsequenzen in der Feeder-Bedienungsanleitung und verwenden Sie die Schalter, um den kompletten Betrieb des QBe UV Netzteils zu steuern; au\u00dferdem k\u00f6nnen Sie mit den LED-Anzeigen und dem eingebautem Display jederzeit die Stromversorgung erkennen(implizit durch das Lesen des Spannungsignals AnlReq). Das sind die Feedback-Signale, die die gleichen Werte haben, einschlie\u00dflich der Alarme.<\/li>\n<\/ul>\n<ul>\n<li><strong>Wirtschaftlichkeit:\u00a0<\/strong>die Kosten sind relativ niedrig im Vergleich zu einem Low-End-PLC der wichtigsten Marken, dann ideal, um es in den Bereichen der einfachen und vor allem dem manuellen Einsatz zu verwenden, wo die Komplexit\u00e4t einer SPS nicht zu rechtfertigen ist.<\/li>\n<\/ul>\n<ul>\n<li><strong>Alternative zu PLC:\u00a0<\/strong>wo die Programmierlogik einfach ist und wo sie durch den Betreiber des Systems durchgef\u00fchrt werden k\u00f6nnen ist die Verwendung eines SPS \u00a0in wirtschaftlicher Hinsicht unn\u00f6tig, wo die Programmierzeit Ressourcen gewidmet ist, die in einem Unternehmen nicht immer verf\u00fcgbar sind.<\/li>\n<\/ul>\n<h3>Beschreibung Des Einrichtungslayout (Siehe Bild Links)<\/h3>\n<ol>\n<li><strong>Display: <\/strong>zeigt den Wert der Referenzsignalspannung (AnlReq)<\/li>\n<li><strong>Stromspannungsfeedback: <\/strong>\u00fcber eine LED-Leiste wird der Wert der Lampenspannung angezeitgt (0-10V)<\/li>\n<li><strong>Aktuelles Feedback: <\/strong>\u00fcber eine LED Leiste wird der Stromwert in der Lampe angezeigt (0-10V)<\/li>\n<li><strong>Max Ref.: <\/strong>Trimmer, der die Einstellung des Maximalwertes des analogen Referenzsignals erm\u00f6glicht AnlReq)<\/li>\n<li><strong>Min Ref.: <\/strong>Trimmer, der die Anpassung des Mindestwert (stand by) des analogen Referenzsignals erlaubt (AnlReq)<\/li>\n<li><strong>Min-Max-Schalter:<\/strong> Damit k\u00f6nnen Sie den Betrieb in vollem Power-Modus w\u00e4hlen oder Stand-by<\/li>\n<li><strong>Start-Stop Schalter: <\/strong>erm\u00f6glicht das Ein- oder Ausschalten der Lampe<\/li>\n<li><strong>Warnzeichen: <\/strong>rote LED Leuchte zeigt \u00dcbertemperatur Alarm an, gr\u00fcne LED Leuchte zeigt den Status des Erdanschlusses an<\/li>\n<li><strong>Anschluss<\/strong>: Power + 24VDC<\/li>\n<\/ol>\n<h3>Parameter Einstellungen<\/h3>\n<p>Die einstellbaren Parameter, die auf dem Display angezeigt werden k\u00f6nnen, sind:<\/p>\n<ul>\n<li><strong>Max Ref.:<\/strong> Maximalwert der analogen Referenz (Fehlerdwert 7 V)<\/li>\n<li><strong>Min Ref.: <\/strong>Minimalwert (stand-by) der analogen Referenz (Fehlerwert 1,5V)<\/li>\n<\/ul>\n<div>\n<table border=\"0\">\n<tbody>\n<tr>\n<td><img loading=\"lazy\" decoding=\"async\" class=\"alignnone size-medium wp-image-303\" src=\"http:\/\/www.silap.com\/wp-content\/uploads\/2015\/07\/remote_control_news-168x300.jpg\" alt=\"remote_control_news\" width=\"168\" height=\"300\" srcset=\"https:\/\/www.silap.com\/wp-content\/uploads\/2015\/07\/remote_control_news-168x300.jpg 168w, https:\/\/www.silap.com\/wp-content\/uploads\/2015\/07\/remote_control_news.jpg 425w\" sizes=\"auto, (max-width: 168px) 100vw, 168px\" \/><\/td>\n<td><img loading=\"lazy\" decoding=\"async\" class=\"alignnone size-medium wp-image-304\" src=\"http:\/\/www.silap.com\/wp-content\/uploads\/2015\/07\/remote_control_news-3-172x300.jpg\" alt=\"remote_control_news-3\" width=\"172\" height=\"300\" srcset=\"https:\/\/www.silap.com\/wp-content\/uploads\/2015\/07\/remote_control_news-3-172x300.jpg 172w, https:\/\/www.silap.com\/wp-content\/uploads\/2015\/07\/remote_control_news-3.jpg 551w\" sizes=\"auto, (max-width: 172px) 100vw, 172px\" \/><\/td>\n<\/tr>\n<\/tbody>\n<\/table>\n<\/div>\n<p>Der Anpassungsmodus ist die gleiche wie f\u00fcr beide Parameter, beschrieben wie folgt:<\/p>\n<ol>\n<li>Stellen Sie sicher, dass die Fernbedienung mit dem Anschluss 9 geliefert wurde (+ 24V)<\/li>\n<li>Stellen Sie den Min-Max-Schalter (6) auf den Wert, den Sie anpassen m\u00f6chten<\/li>\n<li>Durch das Drehen des entsprechenden Trimmers (4 oder 5) regulieren Sie die gew\u00fcnschte Spannung<\/li>\n<li>Diese Werte sind auch ver\u00e4nderbar wenn QBe UV &#8211; Netzteil in Gebrauch ist.<\/li>\n<\/ol>\n<p><strong>ACHTUNG! IM NOTFALL, M\u00dcSSEN SIE DEN SCHALTER NACH RECHTS IN DIE POSITION \u2018STOP\u2019DREHEN, UM DAS VERSEHENTLICHE WIEDEREINSCHALTEN DES NETZTEILS ZU VERMEIDEN, WENN DIE NOTSRTOMTASTE WIEDERHEREGESTELLT WIRD<\/strong><\/p>\n<h3>Alarmsignale<\/h3>\n<p>Das Ger\u00e4t kann zwei Arten von Alarm durch das Ein- oder Ausschalten von zwei LEDs anzeigen:<\/p>\n<ul>\n<li><strong>Temperaturalarm: <\/strong>Dieser Alarm ist mit einer roten LED Leuchte verbunden, die, wenn einer der Temperatursensoren im QBe UV Netzteil Signale f\u00fcr das \u00dcberschreiten des voreingestellten Temperaturniveau gibt, aktiviert wird; dies ist in der Regel ein Zeichen f\u00fcr eine Fehlfunktion der Leistungsmodule. Die Aktivierung dieses Alarms beinhaltet das Auto-Off des QBe UV Netzteils und einen darauffolgenden Neustart.<\/li>\n<li><strong>Alarm durch einen Fehler bei der Erdung:<\/strong> Dieser Alarm ist mit einer gr\u00fcnen LED Leuchte verbunden, die normalerweise leuchtet, wenn das Netzteil vor Besch\u00e4digung durch Kriechstr\u00f6me am Ausgang des Netzteils gesch\u00fctzt werden soll; f\u00fcr den Fall, dass ein \u00fcberm\u00e4\u00dfigen Stromabfall auftritt, zeigt die gr\u00fcne LED Leuchte im Kontrolldisplay die manuelle Abschaltung an. Die Abschaltung dieser LED Leuchte ist nicht verbunden mit der automatischen Abschaltung der Stromversorgung.<\/li>\n<\/ul>\n<p><\/p>","protected":false},"excerpt":{"rendered":"<p>Einleitung Das Handsteuerger\u00e4t ist ein externes Werkzeug, das die UV Stromversorgung QBE ohne die Verwendung eines PLC nutzen kann, sondern [&hellip;]<\/p>\n","protected":false},"author":1,"featured_media":288,"parent":282,"menu_order":0,"comment_status":"open","ping_status":"open","template":"tpl-product.php","meta":{"_acf_changed":false,"ngg_post_thumbnail":0,"footnotes":""},"class_list":["post-287","page","type-page","status-publish","has-post-thumbnail","hentry"],"acf":[],"aioseo_notices":[],"_links":{"self":[{"href":"https:\/\/www.silap.com\/de\/wp-json\/wp\/v2\/pages\/287","targetHints":{"allow":["GET"]}}],"collection":[{"href":"https:\/\/www.silap.com\/de\/wp-json\/wp\/v2\/pages"}],"about":[{"href":"https:\/\/www.silap.com\/de\/wp-json\/wp\/v2\/types\/page"}],"author":[{"embeddable":true,"href":"https:\/\/www.silap.com\/de\/wp-json\/wp\/v2\/users\/1"}],"replies":[{"embeddable":true,"href":"https:\/\/www.silap.com\/de\/wp-json\/wp\/v2\/comments?post=287"}],"version-history":[{"count":5,"href":"https:\/\/www.silap.com\/de\/wp-json\/wp\/v2\/pages\/287\/revisions"}],"predecessor-version":[{"id":1681,"href":"https:\/\/www.silap.com\/de\/wp-json\/wp\/v2\/pages\/287\/revisions\/1681"}],"up":[{"embeddable":true,"href":"https:\/\/www.silap.com\/de\/wp-json\/wp\/v2\/pages\/282"}],"wp:featuredmedia":[{"embeddable":true,"href":"https:\/\/www.silap.com\/de\/wp-json\/wp\/v2\/media\/288"}],"wp:attachment":[{"href":"https:\/\/www.silap.com\/de\/wp-json\/wp\/v2\/media?parent=287"}],"curies":[{"name":"wp","href":"https:\/\/api.w.org\/{rel}","templated":true}]}}