{"id":4326,"date":"2026-03-17T11:45:11","date_gmt":"2026-03-17T10:45:11","guid":{"rendered":"https:\/\/www.silap.com\/?page_id=4326"},"modified":"2026-03-17T11:51:54","modified_gmt":"2026-03-17T10:51:54","slug":"tranciatura","status":"publish","type":"page","link":"https:\/\/www.silap.com\/de\/silap\/services\/tranciatura\/","title":{"rendered":"Pr\u00e4zisionsstanzen"},"content":{"rendered":"<p><strong><span class=\"notion-enable-hover\" data-token-index=\"0\">HOCHPRODUKTIVES PR\u00c4ZISIONSSTANZEN<\/span><\/strong><!-- notionvc: 55c60d7e-92d7-48fc-96e2-41b55f7c89f4 --><\/p>\n<p>Um flexibel auf Volumenanforderungen und Pr\u00e4zisionsbed\u00fcrfnisse reagieren zu k\u00f6nnen, verf\u00fcgt SILAP \u00fcber eine eigene Stanzabteilung, die f\u00fcr die Bearbeitung von Metallkomponenten mit hoher Wiederholgenauigkeit ausgelegt ist. Die Linien sind so konfiguriert, dass eine kontinuierliche Bandzuf\u00fchrung, Prozessstabilit\u00e4t und die Kontrolle der Taktzeit gew\u00e4hrleistet sind.<\/p>\n<p>Installierte Maschinen:<\/p>\n<ul>\n<li>Nr. 6 Pressen bis 200 Tonnen mit Bandabwicklern<\/li>\n<li>Nr. 4 Pressen bis 160 Tonnen, ausgestattet mit einer Zuf\u00fchrschlaufe<\/li>\n<\/ul>\n<p><!-- notionvc: 7adf3c3b-1b7e-45d0-b15d-bfa9b82961c5 --><\/p>","protected":false},"excerpt":{"rendered":"<p>HOCHPRODUKTIVES PR\u00c4ZISIONSSTANZEN Um flexibel auf Volumenanforderungen und Pr\u00e4zisionsbed\u00fcrfnisse reagieren zu k\u00f6nnen, verf\u00fcgt SILAP \u00fcber eine eigene Stanzabteilung, die f\u00fcr die [&hellip;]<\/p>\n","protected":false},"author":2,"featured_media":697,"parent":79,"menu_order":0,"comment_status":"closed","ping_status":"closed","template":"tpl-servizio.php","meta":{"_acf_changed":false,"ngg_post_thumbnail":0,"footnotes":""},"class_list":["post-4326","page","type-page","status-publish","has-post-thumbnail","hentry"],"acf":[],"aioseo_notices":[],"_links":{"self":[{"href":"https:\/\/www.silap.com\/de\/wp-json\/wp\/v2\/pages\/4326","targetHints":{"allow":["GET"]}}],"collection":[{"href":"https:\/\/www.silap.com\/de\/wp-json\/wp\/v2\/pages"}],"about":[{"href":"https:\/\/www.silap.com\/de\/wp-json\/wp\/v2\/types\/page"}],"author":[{"embeddable":true,"href":"https:\/\/www.silap.com\/de\/wp-json\/wp\/v2\/users\/2"}],"replies":[{"embeddable":true,"href":"https:\/\/www.silap.com\/de\/wp-json\/wp\/v2\/comments?post=4326"}],"version-history":[{"count":2,"href":"https:\/\/www.silap.com\/de\/wp-json\/wp\/v2\/pages\/4326\/revisions"}],"predecessor-version":[{"id":4330,"href":"https:\/\/www.silap.com\/de\/wp-json\/wp\/v2\/pages\/4326\/revisions\/4330"}],"up":[{"embeddable":true,"href":"https:\/\/www.silap.com\/de\/wp-json\/wp\/v2\/pages\/79"}],"wp:featuredmedia":[{"embeddable":true,"href":"https:\/\/www.silap.com\/de\/wp-json\/wp\/v2\/media\/697"}],"wp:attachment":[{"href":"https:\/\/www.silap.com\/de\/wp-json\/wp\/v2\/media?parent=4326"}],"curies":[{"name":"wp","href":"https:\/\/api.w.org\/{rel}","templated":true}]}}