{"id":4331,"date":"2026-03-17T11:58:10","date_gmt":"2026-03-17T10:58:10","guid":{"rendered":"https:\/\/www.silap.com\/?page_id=4331"},"modified":"2026-03-17T11:58:10","modified_gmt":"2026-03-17T10:58:10","slug":"tornitura-e-fresatura","status":"publish","type":"page","link":"https:\/\/www.silap.com\/de\/silap\/services\/tornitura-e-fresatura\/","title":{"rendered":"Drehen und Fr\u00e4sen"},"content":{"rendered":"<p><strong><span class=\"notion-enable-hover\" data-token-index=\"0\">WERKZEUGBAU UND PR\u00c4ZISIONSBEARBEITUNG IM HAUS<\/span><\/strong><!-- notionvc: c7a4230c-f817-4ddc-a3e3-7a7b47368ba6 --><\/p>\n<p>Die Werkzeugabteilung ist auf interne Zerspanungsarbeiten an <strong>Drehmaschinen und Bearbeitungszentren<\/strong> spezialisiert und fertigt kundenspezifische Teile nach Zeichnung. Der hohe Automatisierungsgrad erm\u00f6glicht es SILAP, Durchlaufzeiten und Kosten zu reduzieren und die Montageabteilung direkt mit den ben\u00f6tigten Komponenten zu versorgen, bei gleichbleibend hoher Qualit\u00e4t und betrieblicher Kontinuit\u00e4t.<\/p>\n<p>Verf\u00fcgbare Maschinen:<\/p>\n<ul>\n<li>Nr. 1 Ge-Fong Langdrehautomat<\/li>\n<li>Nr. 2 motorisierte Drehmaschinen<\/li>\n<li>Nr. 1 Automatendrehmaschine<\/li>\n<li>Nr. 1 YCM 5-Achs-Bearbeitungszentrum<\/li>\n<li>Nr. 1 YCM 3-Achs-Bearbeitungszentrum<\/li>\n<\/ul>\n<p><!-- notionvc: 0d9fb67b-dac6-42f0-98c1-ab46bdb2daba --><\/p>","protected":false},"excerpt":{"rendered":"<p>WERKZEUGBAU UND PR\u00c4ZISIONSBEARBEITUNG IM HAUS Die Werkzeugabteilung ist auf interne Zerspanungsarbeiten an Drehmaschinen und Bearbeitungszentren spezialisiert und fertigt kundenspezifische Teile [&hellip;]<\/p>\n","protected":false},"author":2,"featured_media":697,"parent":79,"menu_order":0,"comment_status":"closed","ping_status":"closed","template":"tpl-servizio.php","meta":{"_acf_changed":false,"ngg_post_thumbnail":0,"footnotes":""},"class_list":["post-4331","page","type-page","status-publish","has-post-thumbnail","hentry"],"acf":[],"aioseo_notices":[],"_links":{"self":[{"href":"https:\/\/www.silap.com\/de\/wp-json\/wp\/v2\/pages\/4331","targetHints":{"allow":["GET"]}}],"collection":[{"href":"https:\/\/www.silap.com\/de\/wp-json\/wp\/v2\/pages"}],"about":[{"href":"https:\/\/www.silap.com\/de\/wp-json\/wp\/v2\/types\/page"}],"author":[{"embeddable":true,"href":"https:\/\/www.silap.com\/de\/wp-json\/wp\/v2\/users\/2"}],"replies":[{"embeddable":true,"href":"https:\/\/www.silap.com\/de\/wp-json\/wp\/v2\/comments?post=4331"}],"version-history":[{"count":2,"href":"https:\/\/www.silap.com\/de\/wp-json\/wp\/v2\/pages\/4331\/revisions"}],"predecessor-version":[{"id":4334,"href":"https:\/\/www.silap.com\/de\/wp-json\/wp\/v2\/pages\/4331\/revisions\/4334"}],"up":[{"embeddable":true,"href":"https:\/\/www.silap.com\/de\/wp-json\/wp\/v2\/pages\/79"}],"wp:featuredmedia":[{"embeddable":true,"href":"https:\/\/www.silap.com\/de\/wp-json\/wp\/v2\/media\/697"}],"wp:attachment":[{"href":"https:\/\/www.silap.com\/de\/wp-json\/wp\/v2\/media?parent=4331"}],"curies":[{"name":"wp","href":"https:\/\/api.w.org\/{rel}","templated":true}]}}