{"id":740,"date":"2015-09-04T09:24:46","date_gmt":"2015-09-04T07:24:46","guid":{"rendered":"http:\/\/www.silap.com\/?page_id=740"},"modified":"2020-02-21T16:43:23","modified_gmt":"2020-02-21T15:43:23","slug":"allestimenti-per-furgoni","status":"publish","type":"page","link":"https:\/\/www.silap.com\/de\/geco-system\/services\/allestimenti-per-furgoni\/","title":{"rendered":"Produktion von Inneneinrichtungen f\u00fcr Nutzfahrzeuge"},"content":{"rendered":"<p><\/p>\n<h2>Vom Einfach Zum Professionellen Fahrzeug<\/h2>\n<p>Nutzfahrzeuge m\u00fcssen, um funktionsf\u00e4hig zu sein, eine Ausstattung haben, um alle Ger\u00e4te und Werkzeuge aufbewahren zu k\u00f6nnen, um die Arbeit des Profis effizienter zu machen, da es keine Zeit zu verlieren gilt. Die GECO-System Markenprodukte wurden genau in diesem Sinne konzipiert. Dar\u00fcber hinaus ist das Material, das f\u00fcr die Strukturen unserer Ausr\u00fcstung verwendet wird, verzinktes Eisen nach Typ DX51D + Z275; die Wahl dieses Materials mit einer Pulverbeschichtung auf Epoxid-PolyesterBasis, erm\u00f6glicht eine gr\u00f6\u00dfere Widerstandsf\u00e4higkeit und Haltbarkeit der Inneneinrichtung. Unser Katalog umfasst neben kundenspezisischen L\u00f6sungen auch sofort einsatzf\u00e4hige Produkte.<\/p>\n<h2>Ein Komplettes Programm, Auch F\u00fcr Zubeh\u00f6r<\/h2>\n<p>Neben den modularen Regalen und Schubladen, umfasst unsere Produktpalette verschiedene Arten von Zubeh\u00f6r, von Werkzeugk\u00e4sten, die sich nahtlos in unsere Schubladen einpassen bis hin zu Koffern in verschiedenen Gr\u00f6\u00dfen, die tragga sind und f\u00fcr Installationsmaterial verwendet werden k\u00f6nnen.<\/p>\n<p><a style=\"display: block; background-color: lightgray; width: auto; height: 30px; font-size: 12pt; text-align: center; font-weight: bold;\" href=\"https:\/\/www.silap.com\/geco-system\/prodotti\/tutti-prodotti-allestimento\/\"><i class=\"fa fa-folder-open\" aria-hidden=\"true\"><\/i>View whole product range<\/a><\/p>","protected":false},"excerpt":{"rendered":"<p>Vom Einfach Zum Professionellen Fahrzeug Nutzfahrzeuge m\u00fcssen, um funktionsf\u00e4hig zu sein, eine Ausstattung haben, um alle Ger\u00e4te und Werkzeuge aufbewahren [&hellip;]<\/p>\n","protected":false},"author":2,"featured_media":714,"parent":716,"menu_order":0,"comment_status":"closed","ping_status":"closed","template":"tpl-servizio.php","meta":{"_acf_changed":false,"ngg_post_thumbnail":0,"footnotes":""},"class_list":["post-740","page","type-page","status-publish","has-post-thumbnail","hentry"],"acf":[],"aioseo_notices":[],"_links":{"self":[{"href":"https:\/\/www.silap.com\/de\/wp-json\/wp\/v2\/pages\/740","targetHints":{"allow":["GET"]}}],"collection":[{"href":"https:\/\/www.silap.com\/de\/wp-json\/wp\/v2\/pages"}],"about":[{"href":"https:\/\/www.silap.com\/de\/wp-json\/wp\/v2\/types\/page"}],"author":[{"embeddable":true,"href":"https:\/\/www.silap.com\/de\/wp-json\/wp\/v2\/users\/2"}],"replies":[{"embeddable":true,"href":"https:\/\/www.silap.com\/de\/wp-json\/wp\/v2\/comments?post=740"}],"version-history":[{"count":5,"href":"https:\/\/www.silap.com\/de\/wp-json\/wp\/v2\/pages\/740\/revisions"}],"predecessor-version":[{"id":2318,"href":"https:\/\/www.silap.com\/de\/wp-json\/wp\/v2\/pages\/740\/revisions\/2318"}],"up":[{"embeddable":true,"href":"https:\/\/www.silap.com\/de\/wp-json\/wp\/v2\/pages\/716"}],"wp:featuredmedia":[{"embeddable":true,"href":"https:\/\/www.silap.com\/de\/wp-json\/wp\/v2\/media\/714"}],"wp:attachment":[{"href":"https:\/\/www.silap.com\/de\/wp-json\/wp\/v2\/media?parent=740"}],"curies":[{"name":"wp","href":"https:\/\/api.w.org\/{rel}","templated":true}]}}