{"id":748,"date":"2015-09-04T09:49:08","date_gmt":"2015-09-04T07:49:08","guid":{"rendered":"http:\/\/www.silap.com\/?page_id=748"},"modified":"2019-03-15T10:43:35","modified_gmt":"2019-03-15T09:43:35","slug":"progettazione-meccanica","status":"publish","type":"page","link":"https:\/\/www.silap.com\/de\/geco-system\/services\/progettazione-meccanica\/","title":{"rendered":"Mechanische Projektierung und hochwertige materialien"},"content":{"rendered":"<p><\/p>\n<h3>DIE MECHANIK: UNSERE SPEZIALIT\u00c4T, UNSER MEHWERT<\/h3>\n<p>Die Bewertung des am besten geeigneten Materials f\u00fcr die jeweilige Anwendung und deren Eigenschaften hat, zusammen mit einer sorgf\u00e4ltigen Pr\u00fcfung der Ma\u00dfe, das Ziel, ein reibungsloses Funktionieren und die Stabilit\u00e4t jedes einzelnen Produkts zu garantieren.<\/p>\n<p>&nbsp;<\/p>\n<h3>QUALIT\u00c4T IST KEINE WAHL<\/h3>\n<p>Die Materialien und Komponenten, die f\u00fcr den Bau der GECO-System Markenprodukte verwendet werden, sind von hoher Qualit\u00e4t und von Unternehmen hergestellt, die in ihrem Bereich f\u00fchrend sind. All dies, um unseren Kunden eine robustes und langlebiges Produkt zu gew\u00e4hrleisten.<\/p>","protected":false},"excerpt":{"rendered":"<p>DIE MECHANIK: UNSERE SPEZIALIT\u00c4T, UNSER MEHWERT Die Bewertung des am besten geeigneten Materials f\u00fcr die jeweilige Anwendung und deren Eigenschaften [&hellip;]<\/p>\n","protected":false},"author":2,"featured_media":714,"parent":716,"menu_order":0,"comment_status":"closed","ping_status":"closed","template":"tpl-servizio.php","meta":{"_acf_changed":false,"ngg_post_thumbnail":0,"footnotes":""},"class_list":["post-748","page","type-page","status-publish","has-post-thumbnail","hentry"],"acf":[],"aioseo_notices":[],"_links":{"self":[{"href":"https:\/\/www.silap.com\/de\/wp-json\/wp\/v2\/pages\/748","targetHints":{"allow":["GET"]}}],"collection":[{"href":"https:\/\/www.silap.com\/de\/wp-json\/wp\/v2\/pages"}],"about":[{"href":"https:\/\/www.silap.com\/de\/wp-json\/wp\/v2\/types\/page"}],"author":[{"embeddable":true,"href":"https:\/\/www.silap.com\/de\/wp-json\/wp\/v2\/users\/2"}],"replies":[{"embeddable":true,"href":"https:\/\/www.silap.com\/de\/wp-json\/wp\/v2\/comments?post=748"}],"version-history":[{"count":5,"href":"https:\/\/www.silap.com\/de\/wp-json\/wp\/v2\/pages\/748\/revisions"}],"predecessor-version":[{"id":2027,"href":"https:\/\/www.silap.com\/de\/wp-json\/wp\/v2\/pages\/748\/revisions\/2027"}],"up":[{"embeddable":true,"href":"https:\/\/www.silap.com\/de\/wp-json\/wp\/v2\/pages\/716"}],"wp:featuredmedia":[{"embeddable":true,"href":"https:\/\/www.silap.com\/de\/wp-json\/wp\/v2\/media\/714"}],"wp:attachment":[{"href":"https:\/\/www.silap.com\/de\/wp-json\/wp\/v2\/media?parent=748"}],"curies":[{"name":"wp","href":"https:\/\/api.w.org\/{rel}","templated":true}]}}