{"id":83,"date":"2015-06-30T11:09:18","date_gmt":"2015-06-30T09:09:18","guid":{"rendered":"http:\/\/silap.testonline.biz\/?page_id=83"},"modified":"2026-03-17T10:41:51","modified_gmt":"2026-03-17T09:41:51","slug":"laser-cut","status":"publish","type":"page","link":"https:\/\/www.silap.com\/de\/silap\/services\/laser-cut\/","title":{"rendered":"3D Laserschneiden und schwei\u00dfen"},"content":{"rendered":"<p><strong><span class=\"notion-enable-hover\" data-token-index=\"0\">DIE GESCHWINDIGKEIT UND VIELSEITIGKEIT DES 3D-LASERS<\/span><\/strong><!-- notionvc: e53aa8bb-4cd0-4d85-a891-396b13ff950f --><\/p>\n<p>Silap nutzt ein 3D-Laserschneidzentrum <strong>LASERNEXT 2141<\/strong> von Prima Power, das f\u00fcr hochpr\u00e4zise dreidimensionale Bearbeitung ausgelegt ist. Dank der mehrachsigen Kinematik kann der Schneidkopf komplexen Geometrien gleichm\u00e4\u00dfig folgen und so Nacharbeit sowie R\u00fcstzeiten reduzieren. Dieselbe Anlage kann bei Bedarf an Produktionsflexibilit\u00e4t auch f\u00fcr flache Blechbearbeitung eingesetzt werden.<\/p>\n<p>Das System wird au\u00dferdem f\u00fcr <strong>Laserschwei\u00dfanwendungen<\/strong> eingesetzt, wenn saubere und langlebige Verbindungen erforderlich sind, insbesondere bei Materialien mit hohem Schmelzpunkt. Nachfolgend einige Beispiele.<!-- notionvc: 09ff580f-f57f-4df7-bd4f-b993d31d9692 --><\/p>\n<p><img loading=\"lazy\" decoding=\"async\" class=\"center-block img-responsive alignnone wp-image-861 size-large\" src=\"http:\/\/www.silap.com\/wp-content\/uploads\/2015\/06\/sald_laser1-1024x576.jpg\" alt=\"sald_laser1\" width=\"1024\" height=\"576\" srcset=\"https:\/\/www.silap.com\/wp-content\/uploads\/2015\/06\/sald_laser1-1024x576.jpg 1024w, https:\/\/www.silap.com\/wp-content\/uploads\/2015\/06\/sald_laser1-300x169.jpg 300w, https:\/\/www.silap.com\/wp-content\/uploads\/2015\/06\/sald_laser1.jpg 1920w\" sizes=\"auto, (max-width: 1024px) 100vw, 1024px\" \/><\/p>\n<p><img loading=\"lazy\" decoding=\"async\" class=\"center-block img-responsive alignnone wp-image-862 size-large\" src=\"http:\/\/www.silap.com\/wp-content\/uploads\/2015\/06\/sald_laser2-1024x576.jpg\" alt=\"sald_laser2\" width=\"1024\" height=\"576\" srcset=\"https:\/\/www.silap.com\/wp-content\/uploads\/2015\/06\/sald_laser2-1024x576.jpg 1024w, https:\/\/www.silap.com\/wp-content\/uploads\/2015\/06\/sald_laser2-300x169.jpg 300w, https:\/\/www.silap.com\/wp-content\/uploads\/2015\/06\/sald_laser2.jpg 1920w\" sizes=\"auto, (max-width: 1024px) 100vw, 1024px\" \/><\/p>\n<p><img loading=\"lazy\" decoding=\"async\" class=\"center-block img-responsive alignnone wp-image-863 size-large\" src=\"http:\/\/www.silap.com\/wp-content\/uploads\/2015\/06\/sald_laser3-1024x576.jpg\" alt=\"sald_laser3\" width=\"1024\" height=\"576\" srcset=\"https:\/\/www.silap.com\/wp-content\/uploads\/2015\/06\/sald_laser3-1024x576.jpg 1024w, https:\/\/www.silap.com\/wp-content\/uploads\/2015\/06\/sald_laser3-300x169.jpg 300w, https:\/\/www.silap.com\/wp-content\/uploads\/2015\/06\/sald_laser3.jpg 1920w\" sizes=\"auto, (max-width: 1024px) 100vw, 1024px\" \/><\/p>\n<p>Installierte Maschinen:<\/p>\n<ul>\n<li>Nr. 1 Prima Power LASERNEXT 2141 3D-Laserschneidzentrum mit 5 Achsen, beweglicher Optik, 4000 W Leistung \u2013 Arbeitsbereich 4.140 x 2.100 x 1.020 mm.<\/li>\n<\/ul>\n<p><\/p>","protected":false},"excerpt":{"rendered":"<p>DIE GESCHWINDIGKEIT UND VIELSEITIGKEIT DES 3D-LASERS Silap nutzt ein 3D-Laserschneidzentrum LASERNEXT 2141 von Prima Power, das f\u00fcr hochpr\u00e4zise dreidimensionale Bearbeitung [&hellip;]<\/p>\n","protected":false},"author":1,"featured_media":697,"parent":79,"menu_order":0,"comment_status":"closed","ping_status":"closed","template":"tpl-servizio.php","meta":{"_acf_changed":false,"ngg_post_thumbnail":0,"footnotes":""},"class_list":["post-83","page","type-page","status-publish","has-post-thumbnail","hentry"],"acf":[],"aioseo_notices":[],"_links":{"self":[{"href":"https:\/\/www.silap.com\/de\/wp-json\/wp\/v2\/pages\/83","targetHints":{"allow":["GET"]}}],"collection":[{"href":"https:\/\/www.silap.com\/de\/wp-json\/wp\/v2\/pages"}],"about":[{"href":"https:\/\/www.silap.com\/de\/wp-json\/wp\/v2\/types\/page"}],"author":[{"embeddable":true,"href":"https:\/\/www.silap.com\/de\/wp-json\/wp\/v2\/users\/1"}],"replies":[{"embeddable":true,"href":"https:\/\/www.silap.com\/de\/wp-json\/wp\/v2\/comments?post=83"}],"version-history":[{"count":6,"href":"https:\/\/www.silap.com\/de\/wp-json\/wp\/v2\/pages\/83\/revisions"}],"predecessor-version":[{"id":4325,"href":"https:\/\/www.silap.com\/de\/wp-json\/wp\/v2\/pages\/83\/revisions\/4325"}],"up":[{"embeddable":true,"href":"https:\/\/www.silap.com\/de\/wp-json\/wp\/v2\/pages\/79"}],"wp:featuredmedia":[{"embeddable":true,"href":"https:\/\/www.silap.com\/de\/wp-json\/wp\/v2\/media\/697"}],"wp:attachment":[{"href":"https:\/\/www.silap.com\/de\/wp-json\/wp\/v2\/media?parent=83"}],"curies":[{"name":"wp","href":"https:\/\/api.w.org\/{rel}","templated":true}]}}