{"id":881,"date":"2015-09-21T09:40:02","date_gmt":"2015-09-21T07:40:02","guid":{"rendered":"http:\/\/www.silap.com\/?page_id=881"},"modified":"2016-06-17T16:46:33","modified_gmt":"2016-06-17T14:46:33","slug":"ufficio-tecnico","status":"publish","type":"page","link":"https:\/\/www.silap.com\/de\/silap\/services\/ufficio-tecnico\/","title":{"rendered":"Technisches B\u00fcro"},"content":{"rendered":"<p><\/p>\n<h3>Kompetenz Und Technologie<\/h3>\n<p>Unsere Techniker stehen Ihnen zur Verf\u00fcgung, um Sie bestens bei Ihren Design und Produktionsanforderungen zu unterst\u00fctzen. Dank seiner Kompetenz, langj\u00e4hrigen Erfahrung mit moderner Hardware und 3D-CAD-Design-Technologie, kann Silap den Kunden in der Optimierung der Produktionszeit zufrieden stellen.<\/p>","protected":false},"excerpt":{"rendered":"<p>Kompetenz Und Technologie Unsere Techniker stehen Ihnen zur Verf\u00fcgung, um Sie bestens bei Ihren Design und Produktionsanforderungen zu unterst\u00fctzen. Dank [&hellip;]<\/p>\n","protected":false},"author":2,"featured_media":697,"parent":79,"menu_order":0,"comment_status":"closed","ping_status":"closed","template":"tpl-servizio.php","meta":{"_acf_changed":false,"ngg_post_thumbnail":0,"footnotes":""},"class_list":["post-881","page","type-page","status-publish","has-post-thumbnail","hentry"],"acf":[],"aioseo_notices":[],"_links":{"self":[{"href":"https:\/\/www.silap.com\/de\/wp-json\/wp\/v2\/pages\/881","targetHints":{"allow":["GET"]}}],"collection":[{"href":"https:\/\/www.silap.com\/de\/wp-json\/wp\/v2\/pages"}],"about":[{"href":"https:\/\/www.silap.com\/de\/wp-json\/wp\/v2\/types\/page"}],"author":[{"embeddable":true,"href":"https:\/\/www.silap.com\/de\/wp-json\/wp\/v2\/users\/2"}],"replies":[{"embeddable":true,"href":"https:\/\/www.silap.com\/de\/wp-json\/wp\/v2\/comments?post=881"}],"version-history":[{"count":3,"href":"https:\/\/www.silap.com\/de\/wp-json\/wp\/v2\/pages\/881\/revisions"}],"predecessor-version":[{"id":1664,"href":"https:\/\/www.silap.com\/de\/wp-json\/wp\/v2\/pages\/881\/revisions\/1664"}],"up":[{"embeddable":true,"href":"https:\/\/www.silap.com\/de\/wp-json\/wp\/v2\/pages\/79"}],"wp:featuredmedia":[{"embeddable":true,"href":"https:\/\/www.silap.com\/de\/wp-json\/wp\/v2\/media\/697"}],"wp:attachment":[{"href":"https:\/\/www.silap.com\/de\/wp-json\/wp\/v2\/media?parent=881"}],"curies":[{"name":"wp","href":"https:\/\/api.w.org\/{rel}","templated":true}]}}