{"id":884,"date":"2015-09-21T13:30:58","date_gmt":"2015-09-21T11:30:58","guid":{"rendered":"http:\/\/www.silap.com\/?page_id=884"},"modified":"2016-06-17T16:16:42","modified_gmt":"2016-06-17T14:16:42","slug":"controllo-qualita","status":"publish","type":"page","link":"https:\/\/www.silap.com\/de\/silap\/services\/controllo-qualita\/","title":{"rendered":"Qualit\u00e4tskontrolle"},"content":{"rendered":"<p><\/p>\n<h3>Liebe Zum Detail<\/h3>\n<p>Als letzter Schritt des Produktionsprozesses f\u00fchrt der Verantwortliche der Qualit\u00e4tskontrolle die erforderlichen Kontrollen nach mehreren Kriterien und Anforderungen des jeweiligen Kunden durch.<\/p>\n<table class=\"table-responsive\">\n<tbody>\n<tr>\n<td><a class=\"cbox\" href=\"http:\/\/www.silap.com\/wp-content\/uploads\/2015\/09\/DSCF0002.jpg\"><img loading=\"lazy\" decoding=\"async\" class=\"img-responsive alignleft wp-image-1444 size-thumbnail\" style=\"padding: 10px;\" src=\"http:\/\/www.silap.com\/wp-content\/uploads\/2015\/09\/DSCF0002-150x150.jpg\" alt=\"DSCF0002\" width=\"150\" height=\"150\" \/><\/a><\/td>\n<td><a class=\"cbox\" href=\"http:\/\/www.silap.com\/wp-content\/uploads\/2015\/09\/DSCF0003.jpg\"><img loading=\"lazy\" decoding=\"async\" class=\"img-responsive alignleft wp-image-1445 size-thumbnail\" style=\"padding: 10px;\" src=\"http:\/\/www.silap.com\/wp-content\/uploads\/2015\/09\/DSCF0003-150x150.jpg\" alt=\"DSCF0003\" width=\"150\" height=\"150\" \/><\/a><\/td>\n<td><a class=\"cbox\" href=\"http:\/\/www.silap.com\/wp-content\/uploads\/2015\/09\/DSCF0004.jpg\"><img loading=\"lazy\" decoding=\"async\" class=\"img-responsive alignleft wp-image-1446 size-thumbnail\" style=\"padding: 10px;\" src=\"http:\/\/www.silap.com\/wp-content\/uploads\/2015\/09\/DSCF0004-150x150.jpg\" alt=\"DSCF0004\" width=\"150\" height=\"150\" \/><\/a><\/td>\n<\/tr>\n<\/tbody>\n<\/table>\n<p>Unsere Abteilung verf\u00fcgt \u00fcber verschiedene Arten von Instrumenten, darunter ein Kraftmesser f\u00fcr die Zugpr\u00fcfung der Schwei\u00dfn\u00e4hte und auch eine 3D-Kamera zur Steuerung der Werkst\u00fcckabmessungen mit einer Genauigkeit von 0,001 mm; in der Tat wird dieses neueste Instrument prim\u00e4r auch im Unternehmen eingesetzt, um die Einhaltung der Toleranzen in der Produktion zu \u00fcberpr\u00fcfen und wird manchmal sogar f\u00fcr die Kalibrierung von Sekund\u00e4rwerkzeuge verwendet.<\/p>","protected":false},"excerpt":{"rendered":"<p>Liebe Zum Detail Als letzter Schritt des Produktionsprozesses f\u00fchrt der Verantwortliche der Qualit\u00e4tskontrolle die erforderlichen Kontrollen nach mehreren Kriterien und [&hellip;]<\/p>\n","protected":false},"author":2,"featured_media":697,"parent":79,"menu_order":0,"comment_status":"closed","ping_status":"closed","template":"tpl-servizio.php","meta":{"_acf_changed":false,"ngg_post_thumbnail":0,"footnotes":""},"class_list":["post-884","page","type-page","status-publish","has-post-thumbnail","hentry"],"acf":[],"aioseo_notices":[],"_links":{"self":[{"href":"https:\/\/www.silap.com\/de\/wp-json\/wp\/v2\/pages\/884","targetHints":{"allow":["GET"]}}],"collection":[{"href":"https:\/\/www.silap.com\/de\/wp-json\/wp\/v2\/pages"}],"about":[{"href":"https:\/\/www.silap.com\/de\/wp-json\/wp\/v2\/types\/page"}],"author":[{"embeddable":true,"href":"https:\/\/www.silap.com\/de\/wp-json\/wp\/v2\/users\/2"}],"replies":[{"embeddable":true,"href":"https:\/\/www.silap.com\/de\/wp-json\/wp\/v2\/comments?post=884"}],"version-history":[{"count":5,"href":"https:\/\/www.silap.com\/de\/wp-json\/wp\/v2\/pages\/884\/revisions"}],"predecessor-version":[{"id":1657,"href":"https:\/\/www.silap.com\/de\/wp-json\/wp\/v2\/pages\/884\/revisions\/1657"}],"up":[{"embeddable":true,"href":"https:\/\/www.silap.com\/de\/wp-json\/wp\/v2\/pages\/79"}],"wp:featuredmedia":[{"embeddable":true,"href":"https:\/\/www.silap.com\/de\/wp-json\/wp\/v2\/media\/697"}],"wp:attachment":[{"href":"https:\/\/www.silap.com\/de\/wp-json\/wp\/v2\/media?parent=884"}],"curies":[{"name":"wp","href":"https:\/\/api.w.org\/{rel}","templated":true}]}}