{"id":94,"date":"2015-06-30T15:59:11","date_gmt":"2015-06-30T13:59:11","guid":{"rendered":"http:\/\/silap.testonline.biz\/?page_id=94"},"modified":"2026-03-17T10:23:16","modified_gmt":"2026-03-17T09:23:16","slug":"punching","status":"publish","type":"page","link":"https:\/\/www.silap.com\/de\/silap\/services\/punching\/","title":{"rendered":"Kombinierte Stanztechnik"},"content":{"rendered":"<p><\/p>\n<h2>Geschwindigkeit und Pr\u00e4zision beim Stanzen<\/h2>\n<p>Stanzen ist in 90% der F\u00e4lle die erste Phase des Produktionsprozesses f\u00fcr ein Blechbauteil. Aus diesem Grund ist es entscheidend, es mit <strong>maximaler Pr\u00e4zision<\/strong> durchzuf\u00fchren und die vom Kunden geforderten Toleranzen strikt einzuhalten, um auch den Erfolg der nachfolgenden Bearbeitungsschritte sicherzustellen.<\/p>\n<p>Silap setzt <strong>hydraulische Stanzmaschinen<\/strong> ein, die unterschiedliche technische Spezifikationen erf\u00fcllen, und verf\u00fcgt \u00fcber ein <strong>voll ausgestattetes Stanzwerkzeuglager<\/strong>, das eine schnelle Reaktion auf Produktionsanforderungen erm\u00f6glicht.<\/p>\n<h3>Kombinierte Maschine Prima Power LPe (Stanzen + Faserlaser)<!-- notionvc: c528ab1b-d05e-47c9-9265-58f7459f9314 --><\/h3>\n<p><img loading=\"lazy\" decoding=\"async\" class=\"center-block img-responsive alignnone wp-image-877 size-full\" src=\"http:\/\/www.silap.com\/wp-content\/uploads\/2015\/06\/sb6.jpg\" alt=\"sb6\" width=\"720\" height=\"576\" srcset=\"https:\/\/www.silap.com\/wp-content\/uploads\/2015\/06\/sb6.jpg 720w, https:\/\/www.silap.com\/wp-content\/uploads\/2015\/06\/sb6-300x240.jpg 300w\" sizes=\"auto, (max-width: 720px) 100vw, 720px\" \/><\/p>\n<p>Eine effiziente und kosteng\u00fcnstige Methode zur Herstellung von Blechteilen besteht darin, <strong>Stanzen und Laserschneiden im selben automatischen Zyklus<\/strong> durchzuf\u00fchren.<\/p>\n<p>Die <strong>Prima Power LPe<\/strong> erm\u00f6glicht die Fertigung von Bauteilen durch die Kombination von Stanzen und Faserlaser, dank:<\/p>\n<ul>\n<li><strong>Linearmotoren<\/strong> f\u00fcr die Handhabung, gesch\u00e4tzt f\u00fcr Geschwindigkeit und Pr\u00e4zision der Bewegungen.<\/li>\n<li><strong>Faserlaser der neuesten Generation<\/strong>, der hohe Leistung bei sehr hoher Schnittqualit\u00e4t liefert.<\/li>\n<li><strong>CAM-Software-Programmierung<\/strong>, um das Schneidprogramm schnell und kontrolliert zu definieren.<\/li>\n<\/ul>\n<h3>Kombinierte Maschine Finn-Power LB6 (Stanzen + Laserschneiden)<\/h3>\n<p><img loading=\"lazy\" decoding=\"async\" class=\"center-block img-responsive alignnone wp-image-876 size-full\" src=\"http:\/\/www.silap.com\/wp-content\/uploads\/2015\/06\/laser_piano.jpg\" alt=\"laser_piano\" width=\"720\" height=\"576\" srcset=\"https:\/\/www.silap.com\/wp-content\/uploads\/2015\/06\/laser_piano.jpg 720w, https:\/\/www.silap.com\/wp-content\/uploads\/2015\/06\/laser_piano-300x240.jpg 300w\" sizes=\"auto, (max-width: 720px) 100vw, 720px\" \/><\/p>\n<p>Auch in diesem Fall erm\u00f6glicht die Integration von Stanzen und Schneiden in einem einzigen automatischen Prozess eine effiziente Fertigung von Blechteilen, einschlie\u00dflich eines Lasers, der sich zum Schneiden komplexer Formen eignet.<\/p>\n<p>Der <strong>Finn-Power Laser Brilliance\u00ae LB6<\/strong> kombiniert Stanzen und Laserschneiden dank:<\/p>\n<ul>\n<li><strong>Linearmotoren<\/strong> f\u00fcr eine schnelle, pr\u00e4zise Handhabung.<\/li>\n<li><strong>Hoher Bearbeitungsflexibilit\u00e4t<\/strong>, wodurch der Bedarf an teuren Sonderwerkzeugen reduziert wird.<\/li>\n<li><strong>CAM-Software-Programmierung<\/strong>, um das Schneidprogramm schnell und kontrolliert zu definieren.<\/li>\n<\/ul>\n<p>&nbsp;<\/p>","protected":false},"excerpt":{"rendered":"<p>Geschwindigkeit und Pr\u00e4zision beim Stanzen Stanzen ist in 90% der F\u00e4lle die erste Phase des Produktionsprozesses f\u00fcr ein Blechbauteil. Aus [&hellip;]<\/p>\n","protected":false},"author":1,"featured_media":697,"parent":79,"menu_order":0,"comment_status":"closed","ping_status":"closed","template":"tpl-servizio.php","meta":{"_acf_changed":false,"ngg_post_thumbnail":0,"footnotes":""},"class_list":["post-94","page","type-page","status-publish","has-post-thumbnail","hentry"],"acf":[],"aioseo_notices":[],"_links":{"self":[{"href":"https:\/\/www.silap.com\/de\/wp-json\/wp\/v2\/pages\/94","targetHints":{"allow":["GET"]}}],"collection":[{"href":"https:\/\/www.silap.com\/de\/wp-json\/wp\/v2\/pages"}],"about":[{"href":"https:\/\/www.silap.com\/de\/wp-json\/wp\/v2\/types\/page"}],"author":[{"embeddable":true,"href":"https:\/\/www.silap.com\/de\/wp-json\/wp\/v2\/users\/1"}],"replies":[{"embeddable":true,"href":"https:\/\/www.silap.com\/de\/wp-json\/wp\/v2\/comments?post=94"}],"version-history":[{"count":6,"href":"https:\/\/www.silap.com\/de\/wp-json\/wp\/v2\/pages\/94\/revisions"}],"predecessor-version":[{"id":4323,"href":"https:\/\/www.silap.com\/de\/wp-json\/wp\/v2\/pages\/94\/revisions\/4323"}],"up":[{"embeddable":true,"href":"https:\/\/www.silap.com\/de\/wp-json\/wp\/v2\/pages\/79"}],"wp:featuredmedia":[{"embeddable":true,"href":"https:\/\/www.silap.com\/de\/wp-json\/wp\/v2\/media\/697"}],"wp:attachment":[{"href":"https:\/\/www.silap.com\/de\/wp-json\/wp\/v2\/media?parent=94"}],"curies":[{"name":"wp","href":"https:\/\/api.w.org\/{rel}","templated":true}]}}