{"id":975,"date":"2015-10-06T14:46:25","date_gmt":"2015-10-06T12:46:25","guid":{"rendered":"http:\/\/www.silap.com\/?page_id=975"},"modified":"2019-04-12T10:41:23","modified_gmt":"2019-04-12T08:41:23","slug":"sistema-completo-uv-led","status":"publish","type":"page","link":"https:\/\/www.silap.com\/de\/spm\/pr\/product-range\/sistema-completo-uv-led\/","title":{"rendered":"System komplett LED UV"},"content":{"rendered":"<p>Das LED UV Produktsystem bietet eine komplette und flexible L\u00f6sung an. In der Tat ist das verwendete LED-Modul ideal f\u00fcr automatische Maschinen mit hoher Produktivit\u00e4t. Dank seiner Skalierbarkeit ist es m\u00f6glich, ein System zu schaffen, das allen Anwendungsanforderungen des Kunden gerecht wird.<\/p>\n<p>Insbesondere enth\u00e4lt das LED UV System:<\/p>\n<ul>\n<li>LED-Modul (variable Abmessungen von 80 bis 476 mm, einsetzbar bis zu 6 Module in Reihe, je nach Wunsch des Kunden)<\/li>\n<li>Elektronische Stromversorgung (Eingang: 3 PH + N &#8211; 340-530V AC, Ausgang: 48V DC<\/li>\n<li>Service der mechanischen und elektrischen Systemintegration<\/li>\n<li>PLC Modul (optional)<\/li>\n<\/ul>\n<h3>Charakteristika Des Led Uv Moduls<\/h3>\n<div class=\"table-responsive\">\n<table class=\"table table-striped\">\n<tbody>\n<tr>\n<td><strong>Stromversprgungsmodul<\/strong><\/td>\n<td>48V DC&nbsp;\u00b1 0.2 V<\/td>\n<\/tr>\n<tr>\n<td><strong>Leistungsdichte<\/strong><\/td>\n<td>verf\u00fcgbar von 8 bis&nbsp;12 W\/cm<sup>2<\/sup><\/td>\n<\/tr>\n<tr>\n<td><strong>Linearer Stromverbrauch<\/strong><\/td>\n<td>ca.&nbsp;60 W\/cm<\/td>\n<\/tr>\n<tr>\n<td><strong>Wellenl\u00e4nge <\/strong><\/td>\n<td>verf\u00fcgbar 395 bis&nbsp;365 nm<\/td>\n<\/tr>\n<tr>\n<td><strong>Abmessung des einzelnen Moduls<\/strong><\/td>\n<td>von&nbsp;80 x 136 mm bis&nbsp;476 x 136 mm<\/td>\n<\/tr>\n<tr>\n<td><strong>Arbeitsabstand zwischen Modul und Oberfl\u00e4che<\/strong><\/td>\n<td>von&nbsp;1 bis&nbsp;15 mm<\/td>\n<\/tr>\n<tr>\n<td><strong>Weitere Charakteristika<\/strong><\/td>\n<td>Luftk\u00fchlung<\/p>\n<p>Driver intergriert<\/p>\n<p>I\/O-serielle Schnittstelle f\u00fcr Steuern des Modul (DB15-Stecker mit RS485-Protokoll)<\/td>\n<\/tr>\n<\/tbody>\n<\/table>\n<\/div>\n<h3>Charakteristika Der Power Uv Led<\/h3>\n<p><img loading=\"lazy\" decoding=\"async\" class=\"block-center img-responsive alignnone wp-image-1001 size-large\" src=\"http:\/\/www.silap.com\/wp-content\/uploads\/2015\/10\/RST-10000_2-1024x760.png\" alt=\"LED-power-supply\" width=\"1024\" height=\"760\" srcset=\"https:\/\/www.silap.com\/wp-content\/uploads\/2015\/10\/RST-10000_2-1024x760.png 1024w, https:\/\/www.silap.com\/wp-content\/uploads\/2015\/10\/RST-10000_2-300x223.png 300w, https:\/\/www.silap.com\/wp-content\/uploads\/2015\/10\/RST-10000_2.png 1941w\" sizes=\"auto, (max-width: 1024px) 100vw, 1024px\" \/><\/p>\n<div class=\"table-responsive\">\n<table class=\"table table-striped\">\n<tbody>\n<tr>\n<td><strong>Eingangsleistung<\/strong><\/td>\n<td>3PH+N &#8211; 340-530V AC<\/td>\n<\/tr>\n<tr>\n<td><strong>Ausgangsspannung<\/strong><\/td>\n<td>48V DC&nbsp;\u00b1 0.2 V<\/td>\n<\/tr>\n<tr>\n<td><strong>Ausgangswert <\/strong><\/td>\n<td>&nbsp;<\/td>\n<\/tr>\n<tr>\n<td><b>&#8211; <strong>Version mit 5kW<\/strong><\/b><\/td>\n<td>105 A<\/td>\n<\/tr>\n<tr>\n<td><strong>&#8211; <strong>Version mit 10kW <\/strong><\/strong><\/td>\n<td>210 A<\/td>\n<\/tr>\n<tr>\n<td><strong>Abmessungen (mm)<\/strong><\/td>\n<td>&nbsp;<\/td>\n<\/tr>\n<tr>\n<td><b>&nbsp;&#8211; <b><strong>Version mit 5kW<\/strong><\/b><\/b><\/td>\n<td>460 x 211 x 83.5<\/td>\n<\/tr>\n<tr>\n<td><strong>&#8211; <strong><strong>Version mit 10kW<\/strong><\/strong><\/strong><\/td>\n<td>540 x 424 x 83.5<\/td>\n<\/tr>\n<tr>\n<td><strong>Weitere Charakteristika <\/strong><\/td>\n<td>Alarm and diagnostic signals (output)<\/td>\n<\/tr>\n<\/tbody>\n<\/table>\n<\/div>\n<p><\/p>","protected":false},"excerpt":{"rendered":"<p>Das LED UV Produktsystem bietet eine komplette und flexible L\u00f6sung an. In der Tat ist das verwendete LED-Modul ideal f\u00fcr [&hellip;]<\/p>\n","protected":false},"author":2,"featured_media":2043,"parent":113,"menu_order":0,"comment_status":"closed","ping_status":"closed","template":"tpl-product.php","meta":{"_acf_changed":false,"ngg_post_thumbnail":0,"footnotes":""},"class_list":["post-975","page","type-page","status-publish","has-post-thumbnail","hentry"],"acf":[],"aioseo_notices":[],"_links":{"self":[{"href":"https:\/\/www.silap.com\/de\/wp-json\/wp\/v2\/pages\/975","targetHints":{"allow":["GET"]}}],"collection":[{"href":"https:\/\/www.silap.com\/de\/wp-json\/wp\/v2\/pages"}],"about":[{"href":"https:\/\/www.silap.com\/de\/wp-json\/wp\/v2\/types\/page"}],"author":[{"embeddable":true,"href":"https:\/\/www.silap.com\/de\/wp-json\/wp\/v2\/users\/2"}],"replies":[{"embeddable":true,"href":"https:\/\/www.silap.com\/de\/wp-json\/wp\/v2\/comments?post=975"}],"version-history":[{"count":4,"href":"https:\/\/www.silap.com\/de\/wp-json\/wp\/v2\/pages\/975\/revisions"}],"predecessor-version":[{"id":2096,"href":"https:\/\/www.silap.com\/de\/wp-json\/wp\/v2\/pages\/975\/revisions\/2096"}],"up":[{"embeddable":true,"href":"https:\/\/www.silap.com\/de\/wp-json\/wp\/v2\/pages\/113"}],"wp:featuredmedia":[{"embeddable":true,"href":"https:\/\/www.silap.com\/de\/wp-json\/wp\/v2\/media\/2043"}],"wp:attachment":[{"href":"https:\/\/www.silap.com\/de\/wp-json\/wp\/v2\/media?parent=975"}],"curies":[{"name":"wp","href":"https:\/\/api.w.org\/{rel}","templated":true}]}}