{"id":98,"date":"2015-06-30T16:13:34","date_gmt":"2015-06-30T14:13:34","guid":{"rendered":"http:\/\/silap.testonline.biz\/?page_id=98"},"modified":"2026-03-17T10:33:23","modified_gmt":"2026-03-17T09:33:23","slug":"welding","status":"publish","type":"page","link":"https:\/\/www.silap.com\/de\/silap\/services\/welding\/","title":{"rendered":"Schwei\u00dftechnik"},"content":{"rendered":"<p><strong>AUTOMATISCH UND MANUELL<\/strong><\/p>\n<p>Um ein vollst\u00e4ndiges Produkt herzustellen kann Silap Schwei\u00dfarbeiten durchf\u00fchren, die ein H\u00f6chstma\u00df an Wiederholbarkeit und Pr\u00e4zision garantieren. Die Addition von automatisierten Inseln erlaubt, die Produktionsprozesse zu optimieren.<\/p>\n<p>Maschinenpark:<\/p>\n<ul>\n<li>Robotisierte Schwei\u00dfanlage mit COBOT UR10 und MIG-Schwei\u00dfger\u00e4t Lorch S5 ROBOMIG XT<\/li>\n<li>Laserschwei\u00dfmaschine OPTOPRIM OPHWELD 45<\/li>\n<li>Schwei\u00dfanlage MILLER Typ TIG- und 200 A Elektrode Rechteckwelle f\u00fcr Stahl und Aluminium.<\/li>\n<li>Schwei\u00dfsystem Salteco Castolin Transmodulsystem SODA f\u00fcr MIG MAG Puls- und Elektrodenschwei\u00dfen.<\/li>\n<li>Schwei\u00dfanlage Gaston-mig mit 350A f\u00fcr MIG MAG Puls- und Elektroschwei\u00dfen mit Drehscheibe<\/li>\n<li>Schwei\u00dfanlage MILLER Typ MIG MAG und 242 A Elektrode<\/li>\n<li>Punktschwei\u00dfanlage Malaguti Lap 85 \/ LL \/ cc 100 KVA f\u00fcr Aluminium<\/li>\n<li>Punktschwei\u00dfpunkte Malaguti Lap 83 \/ LL \/ cc f\u00fcr Projektionsschwei\u00dfen bis 100 KVA<\/li>\n<li>Punktschwei\u00dfanlage Isea mit 35 Kva<\/li>\n<li>Punktschwei\u00dfanlage Fimer mit 25 Kva<\/li>\n<li>Punktschwei\u00dfanlage Drei C mit 25 Kva mit elektronischen Zeitpanel mit Perioden bei Sonderwerkstoffen<\/li>\n<li>Punktschwei\u00dfanlage Highes f\u00fcr Schwei\u00dfen galvanisch bearbeiteter Materialien<\/li>\n<\/ul>\n<p><\/p>","protected":false},"excerpt":{"rendered":"<p>AUTOMATISCH UND MANUELL Um ein vollst\u00e4ndiges Produkt herzustellen kann Silap Schwei\u00dfarbeiten durchf\u00fchren, die ein H\u00f6chstma\u00df an Wiederholbarkeit und Pr\u00e4zision garantieren. [&hellip;]<\/p>\n","protected":false},"author":1,"featured_media":697,"parent":79,"menu_order":0,"comment_status":"closed","ping_status":"closed","template":"tpl-servizio.php","meta":{"_acf_changed":false,"ngg_post_thumbnail":0,"footnotes":""},"class_list":["post-98","page","type-page","status-publish","has-post-thumbnail","hentry"],"acf":[],"aioseo_notices":[],"_links":{"self":[{"href":"https:\/\/www.silap.com\/de\/wp-json\/wp\/v2\/pages\/98","targetHints":{"allow":["GET"]}}],"collection":[{"href":"https:\/\/www.silap.com\/de\/wp-json\/wp\/v2\/pages"}],"about":[{"href":"https:\/\/www.silap.com\/de\/wp-json\/wp\/v2\/types\/page"}],"author":[{"embeddable":true,"href":"https:\/\/www.silap.com\/de\/wp-json\/wp\/v2\/users\/1"}],"replies":[{"embeddable":true,"href":"https:\/\/www.silap.com\/de\/wp-json\/wp\/v2\/comments?post=98"}],"version-history":[{"count":6,"href":"https:\/\/www.silap.com\/de\/wp-json\/wp\/v2\/pages\/98\/revisions"}],"predecessor-version":[{"id":4324,"href":"https:\/\/www.silap.com\/de\/wp-json\/wp\/v2\/pages\/98\/revisions\/4324"}],"up":[{"embeddable":true,"href":"https:\/\/www.silap.com\/de\/wp-json\/wp\/v2\/pages\/79"}],"wp:featuredmedia":[{"embeddable":true,"href":"https:\/\/www.silap.com\/de\/wp-json\/wp\/v2\/media\/697"}],"wp:attachment":[{"href":"https:\/\/www.silap.com\/de\/wp-json\/wp\/v2\/media?parent=98"}],"curies":[{"name":"wp","href":"https:\/\/api.w.org\/{rel}","templated":true}]}}