{"id":750,"date":"2015-09-04T10:04:40","date_gmt":"2015-09-04T08:04:40","guid":{"rendered":"http:\/\/www.silap.com\/?page_id=750"},"modified":"2020-03-30T17:35:45","modified_gmt":"2020-03-30T15:35:45","slug":"novita-prodotti-allestimenti-furgoni","status":"publish","type":"page","link":"https:\/\/www.silap.com\/en\/geco-system\/services\/novita-prodotti-allestimenti-furgoni\/","title":{"rendered":"Product news"},"content":{"rendered":"<p><\/p>\n<h3><span style=\"text-decoration: underline;\">NOVIT\u00c0 2019<\/span><\/h3>\n<p>Per arricchire la propria gamma di allestimenti per furgoni, Silap ha introdotto anche il servizio di preparazione furgoni come officina mobile.<\/p>\n<p>Perch\u00e9 utilizzare lo spazio a disposizione solo per il carico merci? Se avete necessit\u00e0 di portare con voi tutta l&#8217;attrezzatura necessaria al vostro lavoro, allora \u00e8 il momento di allestire lo spazio interno del furgone come una vera officina mobile completa di tutti gli accessori e gli allestimenti GECO SYSTEM per il lavoro in movimento: banchi, cassettiere, scaffali, ripiani, contenitori ma anche dispositivi specifici come:<\/p>\n<ul>\n<li>Generatori di corrente<\/li>\n<li>Moto-compressori<\/li>\n<li>Pompe<\/li>\n<li>Serbatoi per carburante, oli ed altro<\/li>\n<li>Vasche di contenimento liquidi<\/li>\n<li>Paranco per movimentazione carichi<\/li>\n<li>ecc.<\/li>\n<\/ul>\n<p>ngg_shortcode_1_placeholderTutto l&#8217;allestimento viene ancorato saldamente alla struttura del vostro furgone cos\u00ec durante la marcia del veicolo tutto rimane al suo posto, senza pericolo di spostamento dell\u2019attrezzatura.<\/p>\n<p>Con gli allestimenti GECO SYSTEM per officina mobile lo spazio del tuo furgone viene sfruttato al massimo ed avrai a disposizione tutto quello che necessiti proprio quando ne hai pi\u00f9 bisogno.<\/p>\n<blockquote>\n<p style=\"text-align: center;\"><em>Il vostro lavoro prevede lo spostamento di pesi pesanti? Abbiamo la soluzione per voi! Si chiama paranco.<\/em><\/p>\n<\/blockquote>\n<p>Questo fantastico accessorio diventer\u00e0 indispensabile se dovrete sollevare materiale pesante, in questo modo non vi servir\u00e0 manodopera aggiuntiva e potrete fare tutto da soli!<\/p>\n<p>Il paranco per sollevamento carichi \u00e8 installabile direttamente nella vostra officina mobile, \u00e8 manovrabile facilmente da una sola persona e vi permetter\u00e0 di sollevare carichi fino a 500 kg, velocemente e con il minimo sforzo.<\/p>\n<p>Il montaggio \u00e8 semplice: si fissa la struttura portante direttamente nel vano di carico del furgone sfruttando gli appositi punti di aggancio e si collegano due cavi di alimentazione direttamente alla batteria del furgone.<\/p>\n<p>Qui di seguito potete trovare alcuni dati tecnici del prodotto qui descritto:<\/p>\n<ul>\n<li><strong>Capacit\u00e0 di carico<\/strong>: max 500 kg<\/li>\n<li><strong>Lunghezza con trave rientrata<\/strong>: 2230 mm<\/li>\n<li><strong>Lunghezza con trave estesa<\/strong>: 3630 mm<\/li>\n<li><strong>Alimentazione:<\/strong> 12\/24 V @ 100 A max<\/li>\n<li><strong>Velocit\u00e0 del cavo<\/strong>: 3 mt\/min<\/li>\n<\/ul>\n<p><a style=\"display: block; background-color: lightgray; width: auto; height: 30px; font-size: 12pt; text-align: center; font-weight: bold;\" href=\"https:\/\/www.silap.com\/geco-system\/prodotti\/officina-mobile\/\"><i class=\"fa fa-folder-open\" aria-hidden=\"true\"><\/i>Visita la pagina dedicata all&#8217;officina mobile<\/a><\/p>","protected":false},"excerpt":{"rendered":"<p>NOVIT\u00c0 2019 Per arricchire la propria gamma di allestimenti per furgoni, Silap ha introdotto anche il servizio di preparazione furgoni [&hellip;]<\/p>\n","protected":false},"author":2,"featured_media":714,"parent":716,"menu_order":0,"comment_status":"closed","ping_status":"closed","template":"tpl-servizio.php","meta":{"_acf_changed":false,"ngg_post_thumbnail":0,"footnotes":""},"class_list":["post-750","page","type-page","status-publish","has-post-thumbnail","hentry"],"acf":[],"aioseo_notices":[],"_links":{"self":[{"href":"https:\/\/www.silap.com\/en\/wp-json\/wp\/v2\/pages\/750","targetHints":{"allow":["GET"]}}],"collection":[{"href":"https:\/\/www.silap.com\/en\/wp-json\/wp\/v2\/pages"}],"about":[{"href":"https:\/\/www.silap.com\/en\/wp-json\/wp\/v2\/types\/page"}],"author":[{"embeddable":true,"href":"https:\/\/www.silap.com\/en\/wp-json\/wp\/v2\/users\/2"}],"replies":[{"embeddable":true,"href":"https:\/\/www.silap.com\/en\/wp-json\/wp\/v2\/comments?post=750"}],"version-history":[{"count":5,"href":"https:\/\/www.silap.com\/en\/wp-json\/wp\/v2\/pages\/750\/revisions"}],"predecessor-version":[{"id":1501,"href":"https:\/\/www.silap.com\/en\/wp-json\/wp\/v2\/pages\/750\/revisions\/1501"}],"up":[{"embeddable":true,"href":"https:\/\/www.silap.com\/en\/wp-json\/wp\/v2\/pages\/716"}],"wp:featuredmedia":[{"embeddable":true,"href":"https:\/\/www.silap.com\/en\/wp-json\/wp\/v2\/media\/714"}],"wp:attachment":[{"href":"https:\/\/www.silap.com\/en\/wp-json\/wp\/v2\/media?parent=750"}],"curies":[{"name":"wp","href":"https:\/\/api.w.org\/{rel}","templated":true}]}}